{"id":5880,"date":"2025-11-17T10:11:33","date_gmt":"2025-11-17T09:11:33","guid":{"rendered":"https:\/\/reportia.es\/autoevaluacio-esg\/"},"modified":"2026-02-19T16:39:39","modified_gmt":"2026-02-19T15:39:39","slug":"autoevaluacio-esg","status":"publish","type":"page","link":"https:\/\/reportia.es\/ca\/autoevaluacio-esg\/","title":{"rendered":"Autoevaluaci\u00f3 ESG"},"content":{"rendered":"\t\t<div data-elementor-type=\"wp-page\" data-elementor-id=\"5880\" class=\"elementor elementor-5880 elementor-5395\" data-elementor-post-type=\"page\">\n\t\t\t\t<div data-dce-background-color=\"#FFFFFF\" class=\"elementor-element elementor-element-e96e627 e-flex e-con-boxed e-con e-parent\" data-id=\"e96e627\" data-element_type=\"container\" data-e-type=\"container\" data-settings=\"{&quot;background_background&quot;:&quot;classic&quot;,&quot;jet_parallax_layout_list&quot;:[]}\">\n\t\t\t\t\t<div class=\"e-con-inner\">\n\t\t<div class=\"elementor-element elementor-element-c48c019 e-con-full e-flex e-con e-child\" data-id=\"c48c019\" data-element_type=\"container\" data-e-type=\"container\" data-settings=\"{&quot;jet_parallax_layout_list&quot;:[]}\">\n\t\t\t\t<div data-dce-title-color=\"#27D18D\" class=\"elementor-element elementor-element-dbf389e elementor-widget__width-initial elementor-widget elementor-widget-heading\" data-id=\"dbf389e\" data-element_type=\"widget\" data-e-type=\"widget\" data-widget_type=\"heading.default\">\n\t\t\t\t\t<h2 class=\"elementor-heading-title elementor-size-default\">En quin punt es troba la teva empresa en termes de sostenibilitat ESG?<\/h2>\t\t\t\t<\/div>\n\t\t\t\t<\/div>\n\t\t<div class=\"elementor-element elementor-element-700d932 e-con-full e-flex e-con e-child\" data-id=\"700d932\" data-element_type=\"container\" data-e-type=\"container\" data-settings=\"{&quot;jet_parallax_layout_list&quot;:[]}\">\n\t\t\t\t<div class=\"elementor-element elementor-element-6161b65 elementor-widget__width-initial elementor-widget elementor-widget-heading\" data-id=\"6161b65\" data-element_type=\"widget\" data-e-type=\"widget\" data-widget_type=\"heading.default\">\n\t\t\t\t\t<p class=\"elementor-heading-title elementor-size-default\">Aquest breu formulari t\u2019ajudar\u00e0 a avaluar la teva situaci\u00f3 actual i a descobrir oportunitats clau per millorar el teu rendiment i avan\u00e7ar-te als canvis normatius.<\/p>\t\t\t\t<\/div>\n\t\t\t\t<div class=\"elementor-element elementor-element-71c6e20 elementor-widget__width-initial elementor-widget elementor-widget-heading\" data-id=\"71c6e20\" data-element_type=\"widget\" data-e-type=\"widget\" data-widget_type=\"heading.default\">\n\t\t\t\t\t<p class=\"elementor-heading-title elementor-size-default\"><strong>Duraci\u00f3 estimada: <\/strong>4 minuts.\n<\/p>\t\t\t\t<\/div>\n\t\t\t\t<div class=\"elementor-element elementor-element-2dee503 elementor-widget__width-initial elementor-widget elementor-widget-heading\" data-id=\"2dee503\" data-element_type=\"widget\" data-e-type=\"widget\" data-widget_type=\"heading.default\">\n\t\t\t\t\t<p class=\"elementor-heading-title elementor-size-default\">En finalitzar, rebr\u00e0s un diagn\u00f2stic personalitzat amb unes recomanacions espec\u00edfiques.<\/p>\t\t\t\t<\/div>\n\t\t\t\t<\/div>\n\t\t\t\t\t<\/div>\n\t\t\t\t<\/div>\n\t\t<div class=\"elementor-element elementor-element-6e7c4e3 e-flex e-con-boxed e-con e-parent\" data-id=\"6e7c4e3\" data-element_type=\"container\" data-e-type=\"container\" data-settings=\"{&quot;jet_parallax_layout_list&quot;:[]}\">\n\t\t\t\t\t<div class=\"e-con-inner\">\n\t\t\t\t<div class=\"elementor-element elementor-element-85bfef6 elementor-button-align-center elementor-widget__width-initial form-esg elementor-widget elementor-widget-form\" data-id=\"85bfef6\" data-element_type=\"widget\" data-e-type=\"widget\" data-settings=\"{&quot;step_next_label&quot;:&quot;Seg\\u00fcent&quot;,&quot;step_previous_label&quot;:&quot;Anterior&quot;,&quot;button_width&quot;:&quot;100&quot;,&quot;dce_confirm_dialog_enabled&quot;:&quot;no&quot;,&quot;step_type&quot;:&quot;number_text&quot;,&quot;step_icon_shape&quot;:&quot;circle&quot;}\" data-widget_type=\"form.default\">\n\t\t\t\t\t\t\t<form class=\"elementor-form\" method=\"post\" name=\"formulario_esg\" aria-label=\"formulario_esg\">\n\t\t\t<input type=\"hidden\" name=\"post_id\" value=\"5880\"\/>\n\t\t\t<input type=\"hidden\" name=\"form_id\" value=\"85bfef6\"\/>\n\t\t\t<input type=\"hidden\" name=\"referer_title\" value=\"\" \/>\n\n\t\t\t\n\t\t\t<div class=\"elementor-form-fields-wrapper elementor-labels-above\">\n\t\t\t\t\t\t\t\t<div class=\"elementor-field-type-radio elementor-field-group elementor-column elementor-field-group-tamano_empresa elementor-col-100\">\n\t\t\t\t\t\t\t\t\t\t\t\t<label for=\"form-field-tamano_empresa\" class=\"elementor-field-label\">\n\t\t\t\t\t\t\t\tMida\t\t\t\t\t\t\t<\/label>\n\t\t\t\t\t\t<div class=\"elementor-field-subgroup  \"><span class=\"elementor-field-option\"><input type=\"radio\" value=\"Microempresa (fins a 10 treballadors)\" id=\"form-field-tamano_empresa-0\" name=\"form_fields[tamano_empresa]\"> <label for=\"form-field-tamano_empresa-0\">Microempresa (fins a 10 treballadors)<\/label><\/span><span class=\"elementor-field-option\"><input type=\"radio\" value=\"Petita (d\u201911 a 50 treballadors)\" id=\"form-field-tamano_empresa-1\" name=\"form_fields[tamano_empresa]\"> <label for=\"form-field-tamano_empresa-1\">Petita (d\u201911 a 50 treballadors)<\/label><\/span><span class=\"elementor-field-option\"><input type=\"radio\" value=\"Mitjana (de 51 a 250 treballadors)\" id=\"form-field-tamano_empresa-2\" name=\"form_fields[tamano_empresa]\"> <label for=\"form-field-tamano_empresa-2\">Mitjana (de 51 a 250 treballadors)<\/label><\/span><span class=\"elementor-field-option\"><input type=\"radio\" value=\"Gran empresa (m\u00e9s de 250 treballadors)\" id=\"form-field-tamano_empresa-3\" name=\"form_fields[tamano_empresa]\"> <label for=\"form-field-tamano_empresa-3\">Gran empresa (m\u00e9s de 250 treballadors)<\/label><\/span><\/div>\t\t\t\t<\/div>\n\t\t\t\t\t\t\t\t<div class=\"elementor-field-type-select elementor-field-group elementor-column elementor-field-group-sector elementor-col-100\">\n\t\t\t\t\t\t\t\t\t\t\t\t<label for=\"form-field-sector\" class=\"elementor-field-label\">\n\t\t\t\t\t\t\t\tSector\t\t\t\t\t\t\t<\/label>\n\t\t\t\t\t\t\t\t<div class=\"elementor-field elementor-select-wrapper remove-before \">\n\t\t\t<div class=\"select-caret-down-wrapper\">\n\t\t\t\t<svg aria-hidden=\"true\" class=\"e-font-icon-svg e-eicon-caret-down\" viewBox=\"0 0 571.4 571.4\" xmlns=\"http:\/\/www.w3.org\/2000\/svg\"><path d=\"M571 393Q571 407 561 418L311 668Q300 679 286 679T261 668L11 418Q0 407 0 393T11 368 36 357H536Q550 357 561 368T571 393Z\"><\/path><\/svg>\t\t\t<\/div>\n\t\t\t<select name=\"form_fields[sector]\" id=\"form-field-sector\" class=\"elementor-field-textual elementor-size-sm\">\n\t\t\t\t\t\t\t\t\t<option value=\"Opcions:\">Opcions:<\/option>\n\t\t\t\t\t\t\t\t\t<option value=\"Finances, assegurances i banca\">Finances, assegurances i banca<\/option>\n\t\t\t\t\t\t\t\t\t<option value=\"Comunicaci\u00f3, m\u00e0rqueting i mitjans\">Comunicaci\u00f3, m\u00e0rqueting i mitjans<\/option>\n\t\t\t\t\t\t\t\t\t<option value=\"Ind\u00fastria, producci\u00f3 i operacions\">Ind\u00fastria, producci\u00f3 i operacions<\/option>\n\t\t\t\t\t\t\t\t\t<option value=\"Comer\u00e7 i distribuci\u00f3\">Comer\u00e7 i distribuci\u00f3<\/option>\n\t\t\t\t\t\t\t\t\t<option value=\"Log\u00edstica i transport\">Log\u00edstica i transport<\/option>\n\t\t\t\t\t\t\t\t\t<option value=\"Tecnologia i innovaci\u00f3\">Tecnologia i innovaci\u00f3<\/option>\n\t\t\t\t\t\t\t\t\t<option value=\"Serveis professionals, consultoria i estrat\u00e8gia\">Serveis professionals, consultoria i estrat\u00e8gia<\/option>\n\t\t\t\t\t\t\t\t\t<option value=\"Energia, medi ambient i sostenibilitat\">Energia, medi ambient i sostenibilitat<\/option>\n\t\t\t\t\t\t\t\t\t<option value=\"Transport, log\u00edstica i mobilitat\">Transport, log\u00edstica i mobilitat<\/option>\n\t\t\t\t\t\t\t\t\t<option value=\"Construcci\u00f3 i infraestructures\">Construcci\u00f3 i infraestructures<\/option>\n\t\t\t\t\t\t\t\t\t<option value=\"Salut, educaci\u00f3 i serveis socials\">Salut, educaci\u00f3 i serveis socials<\/option>\n\t\t\t\t\t\t\t\t\t<option value=\"Legal i compliment normatiu\">Legal i compliment normatiu<\/option>\n\t\t\t\t\t\t\t<\/select>\n\t\t<\/div>\n\t\t\t\t\t\t<\/div>\n\t\t\t\t\t\t\t\t<div class=\"elementor-field-type-radio elementor-field-group elementor-column elementor-field-group-pregunta_1 elementor-col-100 elementor-field-required elementor-mark-required\">\n\t\t\t\t\t\t\t\t\t\t\t\t<label for=\"form-field-pregunta_1\" class=\"elementor-field-label\">\n\t\t\t\t\t\t\t\tLa teva empresa integra criteris de sostenibilitat (ambientals, socials i de governan\u00e7a) en la seva estrat\u00e8gia corporativa?\t\t\t\t\t\t\t<\/label>\n\t\t\t\t\t\t<div class=\"elementor-field-subgroup  \"><span class=\"elementor-field-option\"><input type=\"radio\" value=\"3\" id=\"form-field-pregunta_1-0\" name=\"form_fields[pregunta_1]\" required=\"required\"> <label for=\"form-field-pregunta_1-0\">S\u00ed, estan totalment integrats en la presa de decisions.<\/label><\/span><span class=\"elementor-field-option\"><input type=\"radio\" value=\"2\" id=\"form-field-pregunta_1-1\" name=\"form_fields[pregunta_1]\" required=\"required\"> <label for=\"form-field-pregunta_1-1\">Parcialment, en algunes \u00e0rees espec\u00edfiques.<\/label><\/span><span class=\"elementor-field-option\"><input type=\"radio\" value=\"1\" id=\"form-field-pregunta_1-2\" name=\"form_fields[pregunta_1]\" required=\"required\"> <label for=\"form-field-pregunta_1-2\">Ho estem considerant, per\u00f2 encara no hem fet passos concrets.<\/label><\/span><span class=\"elementor-field-option\"><input type=\"radio\" value=\"0\" id=\"form-field-pregunta_1-3\" name=\"form_fields[pregunta_1]\" required=\"required\"> <label for=\"form-field-pregunta_1-3\">No, encara no treballem en sostenibilitat.<\/label><\/span><\/div>\t\t\t\t<\/div>\n\t\t\t\t\t\t\t\t<div class=\"elementor-field-type-radio elementor-field-group elementor-column elementor-field-group-pregunta_2 elementor-col-100 elementor-field-required elementor-mark-required\">\n\t\t\t\t\t\t\t\t\t\t\t\t<label for=\"form-field-pregunta_2\" class=\"elementor-field-label\">\n\t\t\t\t\t\t\t\tRealitzeu algun tipus d\u2019informe o comunicaci\u00f3 relacionada amb la sostenibilitat o l\u2019ESG?\t\t\t\t\t\t\t<\/label>\n\t\t\t\t\t\t<div class=\"elementor-field-subgroup  \"><span class=\"elementor-field-option\"><input type=\"radio\" value=\"3\" id=\"form-field-pregunta_2-0\" name=\"form_fields[pregunta_2]\" required=\"required\"> <label for=\"form-field-pregunta_2-0\">S\u00ed, elaborem informes complets alineats amb est\u00e0ndards internacionals.<\/label><\/span><span class=\"elementor-field-option\"><input type=\"radio\" value=\"2\" id=\"form-field-pregunta_2-1\" name=\"form_fields[pregunta_2]\" required=\"required\"> <label for=\"form-field-pregunta_2-1\">S\u00ed, per\u00f2 de manera interna o sense seguir est\u00e0ndards espec\u00edfics.<\/label><\/span><span class=\"elementor-field-option\"><input type=\"radio\" value=\"1\" id=\"form-field-pregunta_2-2\" name=\"form_fields[pregunta_2]\" required=\"required\"> <label for=\"form-field-pregunta_2-2\">Estem explorant la possibilitat de fer-ho en el futur.<\/label><\/span><span class=\"elementor-field-option\"><input type=\"radio\" value=\"0\" id=\"form-field-pregunta_2-3\" name=\"form_fields[pregunta_2]\" required=\"required\"> <label for=\"form-field-pregunta_2-3\">No, encara no fem cap informe de sostenibilitat.<\/label><\/span><\/div>\t\t\t\t<\/div>\n\t\t\t\t\t\t\t\t<div class=\"elementor-field-type-radio elementor-field-group elementor-column elementor-field-group-pregunta_3 elementor-col-100 elementor-field-required elementor-mark-required\">\n\t\t\t\t\t\t\t\t\t\t\t\t<label for=\"form-field-pregunta_3\" class=\"elementor-field-label\">\n\t\t\t\t\t\t\t\tLa teva empresa ha identificat i prioritzat els seus riscos i impactes en sostenibilitat (materialitat)?\t\t\t\t\t\t\t<\/label>\n\t\t\t\t\t\t<div class=\"elementor-field-subgroup  \"><span class=\"elementor-field-option\"><input type=\"radio\" value=\"3\" id=\"form-field-pregunta_3-0\" name=\"form_fields[pregunta_3]\" required=\"required\"> <label for=\"form-field-pregunta_3-0\">S\u00ed, ja hem realitzat una an\u00e0lisi de materialitat exhaustiva.<\/label><\/span><span class=\"elementor-field-option\"><input type=\"radio\" value=\"2\" id=\"form-field-pregunta_3-1\" name=\"form_fields[pregunta_3]\" required=\"required\"> <label for=\"form-field-pregunta_3-1\">Ho hem fet parcialment, per\u00f2 no est\u00e0 complet.<\/label><\/span><span class=\"elementor-field-option\"><input type=\"radio\" value=\"1\" id=\"form-field-pregunta_3-2\" name=\"form_fields[pregunta_3]\" required=\"required\"> <label for=\"form-field-pregunta_3-2\">Estem considerant fer-ho, per\u00f2 encara no hem comen\u00e7at.<\/label><\/span><span class=\"elementor-field-option\"><input type=\"radio\" value=\"0\" id=\"form-field-pregunta_3-3\" name=\"form_fields[pregunta_3]\" required=\"required\"> <label for=\"form-field-pregunta_3-3\">No, no coneixem aquesta pr\u00e0ctica.<\/label><\/span><\/div>\t\t\t\t<\/div>\n\t\t\t\t\t\t\t\t<div class=\"elementor-field-type-radio elementor-field-group elementor-column elementor-field-group-pregunta_4 elementor-col-100 elementor-field-required elementor-mark-required\">\n\t\t\t\t\t\t\t\t\t\t\t\t<label for=\"form-field-pregunta_4\" class=\"elementor-field-label\">\n\t\t\t\t\t\t\t\tTens un sistema per recopilar i mesurar dades ESG relacionades amb el rendiment ambiental, social i de governan\u00e7a de la teva empresa?\t\t\t\t\t\t\t<\/label>\n\t\t\t\t\t\t<div class=\"elementor-field-subgroup  \"><span class=\"elementor-field-option\"><input type=\"radio\" value=\"3\" id=\"form-field-pregunta_4-0\" name=\"form_fields[pregunta_4]\" required=\"required\"> <label for=\"form-field-pregunta_4-0\">S\u00ed, comptem amb un sistema robust i auditat.<\/label><\/span><span class=\"elementor-field-option\"><input type=\"radio\" value=\"2\" id=\"form-field-pregunta_4-1\" name=\"form_fields[pregunta_4]\" required=\"required\"> <label for=\"form-field-pregunta_4-1\">Recopilem algunes dades, per\u00f2 no de manera estructurada.<\/label><\/span><span class=\"elementor-field-option\"><input type=\"radio\" value=\"1\" id=\"form-field-pregunta_4-2\" name=\"form_fields[pregunta_4]\" required=\"required\"> <label for=\"form-field-pregunta_4-2\">Estem explorant sistemes o eines per implementar-lo.<\/label><\/span><span class=\"elementor-field-option\"><input type=\"radio\" value=\"0\" id=\"form-field-pregunta_4-3\" name=\"form_fields[pregunta_4]\" required=\"required\"> <label for=\"form-field-pregunta_4-3\">No, no tenim cap sistema establert.<\/label><\/span><\/div>\t\t\t\t<\/div>\n\t\t\t\t\t\t\t\t<div class=\"elementor-field-type-radio elementor-field-group elementor-column elementor-field-group-pregunta_5 elementor-col-100 elementor-field-required elementor-mark-required\">\n\t\t\t\t\t\t\t\t\t\t\t\t<label for=\"form-field-pregunta_5\" class=\"elementor-field-label\">\n\t\t\t\t\t\t\t\tLa teva empresa forma els seus equips en temes de sostenibilitat i ESG?\t\t\t\t\t\t\t<\/label>\n\t\t\t\t\t\t<div class=\"elementor-field-subgroup  \"><span class=\"elementor-field-option\"><input type=\"radio\" value=\"3\" id=\"form-field-pregunta_5-0\" name=\"form_fields[pregunta_5]\" required=\"required\"> <label for=\"form-field-pregunta_5-0\">S\u00ed, oferim formacions freq\u00fcents i adaptades a les normatives actuals.<\/label><\/span><span class=\"elementor-field-option\"><input type=\"radio\" value=\"2\" id=\"form-field-pregunta_5-1\" name=\"form_fields[pregunta_5]\" required=\"required\"> <label for=\"form-field-pregunta_5-1\">Oferim algunes formacions b\u00e0siques, per\u00f2 no s\u00f3n regulars.<\/label><\/span><span class=\"elementor-field-option\"><input type=\"radio\" value=\"1\" id=\"form-field-pregunta_5-2\" name=\"form_fields[pregunta_5]\" required=\"required\"> <label for=\"form-field-pregunta_5-2\">Estem interessats a comen\u00e7ar a formar els nostres equips.<\/label><\/span><span class=\"elementor-field-option\"><input type=\"radio\" value=\"0\" id=\"form-field-pregunta_5-3\" name=\"form_fields[pregunta_5]\" required=\"required\"> <label for=\"form-field-pregunta_5-3\">No, encara no hem implementat formacions en sostenibilitat.<\/label><\/span><\/div>\t\t\t\t<\/div>\n\t\t\t\t\t\t\t\t<div class=\"elementor-field-type-radio elementor-field-group elementor-column elementor-field-group-pregunta_6 elementor-col-100 elementor-field-required elementor-mark-required\">\n\t\t\t\t\t\t\t\t\t\t\t\t<label for=\"form-field-pregunta_6\" class=\"elementor-field-label\">\n\t\t\t\t\t\t\t\tEn quin grau creus que la teva empresa est\u00e0 preparada per respondre a les creixents exig\u00e8ncies normatives en ESG (com la CSRD o est\u00e0ndards locals)?\t\t\t\t\t\t\t<\/label>\n\t\t\t\t\t\t<div class=\"elementor-field-subgroup  \"><span class=\"elementor-field-option\"><input type=\"radio\" value=\"3\" id=\"form-field-pregunta_6-0\" name=\"form_fields[pregunta_6]\" required=\"required\"> <label for=\"form-field-pregunta_6-0\">Totalment preparada, complim els requisits i estem alineats amb les normatives.<\/label><\/span><span class=\"elementor-field-option\"><input type=\"radio\" value=\"2\" id=\"form-field-pregunta_6-1\" name=\"form_fields[pregunta_6]\" required=\"required\"> <label for=\"form-field-pregunta_6-1\">Parcialment, hem treballat alguns aspectes per\u00f2 en queden pendents.<\/label><\/span><span class=\"elementor-field-option\"><input type=\"radio\" value=\"1\" id=\"form-field-pregunta_6-2\" name=\"form_fields[pregunta_6]\" required=\"required\"> <label for=\"form-field-pregunta_6-2\">En tenim coneixement, per\u00f2 encara no hem implementat res.<\/label><\/span><span class=\"elementor-field-option\"><input type=\"radio\" value=\"0\" id=\"form-field-pregunta_6-3\" name=\"form_fields[pregunta_6]\" required=\"required\"> <label for=\"form-field-pregunta_6-3\">No estem preparats i necessitem orientaci\u00f3.<\/label><\/span><\/div>\t\t\t\t<\/div>\n\t\t\t\t\t\t\t\t<div class=\"elementor-field-type-email elementor-field-group elementor-column elementor-field-group-email elementor-col-100 elementor-field-required elementor-mark-required\">\n\t\t\t\t\t\t\t\t\t\t\t\t<label for=\"form-field-email\" class=\"elementor-field-label\">\n\t\t\t\t\t\t\t\tCorreu electr\u00f2nic\t\t\t\t\t\t\t<\/label>\n\t\t\t\t\t\t\t\t\t\t\t\t\t\t<input size=\"1\" type=\"email\" name=\"form_fields[email]\" id=\"form-field-email\" class=\"elementor-field elementor-size-sm  elementor-field-textual\" placeholder=\"el-teu@email.com\" required=\"required\">\n\t\t\t\t\t\t\t\t\t\t\t<\/div>\n\t\t\t\t\t\t\t\t<div class=\"elementor-field-type-acceptance elementor-field-group elementor-column elementor-field-group-acepta_newsletter elementor-col-100\">\n\t\t\t\t\t\t\t<div class=\"elementor-field-subgroup\">\n\t\t\t<span class=\"elementor-field-option\">\n\t\t\t\t<input type=\"checkbox\" name=\"form_fields[acepta_newsletter]\" id=\"form-field-acepta_newsletter\" class=\"elementor-field elementor-size-sm  elementor-acceptance-field\">\n\t\t\t\t<label for=\"form-field-acepta_newsletter\">En realitzar aquest formulari d'autoavaluaci\u00f3, autoritzeu Reportia SL a incloure el vostre correu electr\u00f2nic a la nostra newsletter.\n Podreu donar-vos de baixa en qualsevol moment a trav\u00e9s de l'enlla\u00e7 incl\u00f2s en cada enviament.<\/label>\t\t\t<\/span>\n\t\t<\/div>\n\t\t\t\t\t\t<\/div>\n\t\t\t\t\t\t\t\t<div class=\"elementor-field-type-acceptance elementor-field-group elementor-column elementor-field-group-acepta_privacidad elementor-col-100 elementor-field-required elementor-mark-required\">\n\t\t\t\t\t\t\t<div class=\"elementor-field-subgroup\">\n\t\t\t<span class=\"elementor-field-option\">\n\t\t\t\t<input type=\"checkbox\" name=\"form_fields[acepta_privacidad]\" id=\"form-field-acepta_privacidad\" class=\"elementor-field elementor-size-sm  elementor-acceptance-field\" required=\"required\">\n\t\t\t\t<label for=\"form-field-acepta_privacidad\">Accepto la Pol\u00edtica de Privadesa i autoritzo el tractament de les meves dades conforme a la consulta realitzada.<\/label>\t\t\t<\/span>\n\t\t<\/div>\n\t\t\t\t\t\t<\/div>\n\t\t\t\t\t\t\t\t<div class=\"elementor-field-type-hidden_label elementor-field-group elementor-column elementor-field-group-puntuacion_total elementor-col-100\">\n\t\t\t\t\t<input type=\"hidden\" name=\"form_fields[puntuacion_total]\" id=\"form-field-puntuacion_total\" class=\"elementor-field elementor-size-sm \" size=\"1\" data-field-id=\"puntuacion_total\">\t\t\t\t<\/div>\n\t\t\t\t\t\t\t\t<div class=\"elementor-field-type-hidden elementor-field-group elementor-column elementor-field-group-nivel_esg elementor-col-100\">\n\t\t\t\t\t\t\t\t\t\t\t\t\t<input size=\"1\" type=\"hidden\" name=\"form_fields[nivel_esg]\" id=\"form-field-nivel_esg\" class=\"elementor-field elementor-size-sm  elementor-field-textual\">\n\t\t\t\t\t\t\t\t\t\t\t<\/div>\n\t\t\t\t\t\t\t\t<div class=\"elementor-field-group elementor-column elementor-field-type-submit elementor-col-100 e-form__buttons\">\n\t\t\t\t\t<button class=\"elementor-button elementor-size-sm\" type=\"submit\">\n\t\t\t\t\t\t<span class=\"elementor-button-content-wrapper\">\n\t\t\t\t\t\t\t\t\t\t\t\t\t\t\t\t\t\t\t\t\t\t<span class=\"elementor-button-text\">Enviar<\/span>\n\t\t\t\t\t\t\t\t\t\t\t\t\t<\/span>\n\t\t\t\t\t<\/button>\n\t\t\t\t<\/div>\n\t\t\t<\/div>\n\t\t<\/form>\n\t\t\t\t\t\t<\/div>\n\t\t\t\t\t<\/div>\n\t\t\t\t<\/div>\n\t\t\t\t<\/div>\n\t\t","protected":false},"excerpt":{"rendered":"<p>En quin punt es troba la teva empresa en termes de sostenibilitat ESG? Aquest breu formulari t\u2019ajudar\u00e0 a avaluar la teva situaci\u00f3 actual i a descobrir oportunitats clau per millorar el teu rendiment i avan\u00e7ar-te als canvis normatius. Duraci\u00f3 estimada: 4 minuts. En finalitzar, rebr\u00e0s un diagn\u00f2stic personalitzat amb unes recomanacions espec\u00edfiques.<\/p>\n","protected":false},"author":1,"featured_media":0,"parent":0,"menu_order":0,"comment_status":"closed","ping_status":"closed","template":"","meta":{"footnotes":""},"class_list":["post-5880","page","type-page","status-publish","hentry"],"_links":{"self":[{"href":"https:\/\/reportia.es\/ca\/wp-json\/wp\/v2\/pages\/5880","targetHints":{"allow":["GET"]}}],"collection":[{"href":"https:\/\/reportia.es\/ca\/wp-json\/wp\/v2\/pages"}],"about":[{"href":"https:\/\/reportia.es\/ca\/wp-json\/wp\/v2\/types\/page"}],"author":[{"embeddable":true,"href":"https:\/\/reportia.es\/ca\/wp-json\/wp\/v2\/users\/1"}],"replies":[{"embeddable":true,"href":"https:\/\/reportia.es\/ca\/wp-json\/wp\/v2\/comments?post=5880"}],"version-history":[{"count":0,"href":"https:\/\/reportia.es\/ca\/wp-json\/wp\/v2\/pages\/5880\/revisions"}],"wp:attachment":[{"href":"https:\/\/reportia.es\/ca\/wp-json\/wp\/v2\/media?parent=5880"}],"curies":[{"name":"wp","href":"https:\/\/api.w.org\/{rel}","templated":true}]}}