{"id":4357,"date":"2024-11-29T09:22:20","date_gmt":"2024-11-29T08:22:20","guid":{"rendered":"https:\/\/reportia.es\/avis-legal\/"},"modified":"2025-02-03T14:10:39","modified_gmt":"2025-02-03T13:10:39","slug":"avis-legal","status":"publish","type":"page","link":"https:\/\/reportia.es\/ca\/avis-legal\/","title":{"rendered":"Av\u00eds Legal"},"content":{"rendered":"\t\t<div data-elementor-type=\"wp-page\" data-elementor-id=\"4357\" class=\"elementor elementor-4357 elementor-3007\" data-elementor-post-type=\"page\">\n\t\t\t\t<div class=\"elementor-element elementor-element-31a2068d e-flex e-con-boxed e-con e-parent\" data-id=\"31a2068d\" data-element_type=\"container\" data-e-type=\"container\" data-settings=\"{&quot;jet_parallax_layout_list&quot;:[]}\">\n\t\t\t\t\t<div class=\"e-con-inner\">\n\t\t\t\t<div class=\"elementor-element elementor-element-ba86685 elementor-widget elementor-widget-heading\" data-id=\"ba86685\" data-element_type=\"widget\" data-e-type=\"widget\" data-widget_type=\"heading.default\">\n\t\t\t\t\t<h1 class=\"elementor-heading-title elementor-size-default\">Av\u00eds Legal<\/h1>\t\t\t\t<\/div>\n\t\t<div class=\"elementor-element elementor-element-1cb2843 e-con-full e-flex e-con e-child\" data-id=\"1cb2843\" data-element_type=\"container\" data-e-type=\"container\" data-settings=\"{&quot;jet_parallax_layout_list&quot;:[]}\">\n\t\t\t\t<div class=\"elementor-element elementor-element-f84d2e4 elementor-widget elementor-widget-heading\" data-id=\"f84d2e4\" data-element_type=\"widget\" data-e-type=\"widget\" data-widget_type=\"heading.default\">\n\t\t\t\t\t<h4 class=\"elementor-heading-title elementor-size-default\">Identificaci\u00f3 del propietari del lloc web<\/h4>\t\t\t\t<\/div>\n\t\t\t\t<div class=\"elementor-element elementor-element-baae9c7 elementor-widget elementor-widget-text-editor\" data-id=\"baae9c7\" data-element_type=\"widget\" data-e-type=\"widget\" data-widget_type=\"text-editor.default\">\n\t\t\t\t\t\t\t\t\t<p>En compliment de l&#8217;article 10 de la Llei 34\/2002, d&#8217;11 de juliol, de Serveis de la Societat de la Informaci\u00f3 i de Comer\u00e7 Electr\u00f2nic (LSSI-CE), es facilita la seg\u00fcent informaci\u00f3 sobre el titular del lloc web:<\/p>\n<ul>\n<li><strong>Propietari<\/strong>: Reportia SL<\/li>\n<li><strong>CIF\/NIF<\/strong>: B55485387<\/li>\n<li><strong>Adre\u00e7a<\/strong>: Passatge Llu\u00eds Pellicer 19, Local 1, 08036 Barcelona<\/li>\n<li><strong>Correu electr\u00f2nic<\/strong>: info@reportia.es<\/li>\n<li><strong>Tel\u00e8fon<\/strong>: 931648925<\/li>\n<li><strong>Inscripci\u00f3<\/strong>: Inscrita en el Registre Mercantil de Barcelona, volum 1000422553664, foli 1, inscripci\u00f3 1, full B-616584.<\/li>\n<\/ul>\n\t\t\t\t\t\t\t\t<\/div>\n\t\t\t\t<div class=\"elementor-element elementor-element-0d95622 elementor-widget elementor-widget-spacer\" data-id=\"0d95622\" data-element_type=\"widget\" data-e-type=\"widget\" data-widget_type=\"spacer.default\">\n\t\t\t\t\t\t\t<div class=\"elementor-spacer\">\n\t\t\t<div class=\"elementor-spacer-inner\"><\/div>\n\t\t<\/div>\n\t\t\t\t\t\t<\/div>\n\t\t\t\t<div class=\"elementor-element elementor-element-df1b549 elementor-widget elementor-widget-heading\" data-id=\"df1b549\" data-element_type=\"widget\" data-e-type=\"widget\" data-widget_type=\"heading.default\">\n\t\t\t\t\t<h4 class=\"elementor-heading-title elementor-size-default\">Finalitat de l'Av\u00eds Legal<\/h4>\t\t\t\t<\/div>\n\t\t\t\t<div class=\"elementor-element elementor-element-e36f51b elementor-widget elementor-widget-text-editor\" data-id=\"e36f51b\" data-element_type=\"widget\" data-e-type=\"widget\" data-widget_type=\"text-editor.default\">\n\t\t\t\t\t\t\t\t\t<p>Aquest Av\u00eds Legal regula l&#8217;acc\u00e9s i l&#8217;\u00fas del lloc web https:\/\/www.reportia.es, propietat de Reportia SL, aix\u00ed com les responsabilitats derivades de l&#8217;\u00fas dels seus continguts, serveis i activitats.<\/p>\n\t\t\t\t\t\t\t\t<\/div>\n\t\t\t\t<div class=\"elementor-element elementor-element-a7aa1b6 elementor-widget elementor-widget-heading\" data-id=\"a7aa1b6\" data-element_type=\"widget\" data-e-type=\"widget\" data-widget_type=\"heading.default\">\n\t\t\t\t\t<h4 class=\"elementor-heading-title elementor-size-default\">Condicions d'\u00fas del lloc web<\/h4>\t\t\t\t<\/div>\n\t\t\t\t<div class=\"elementor-element elementor-element-99ad338 elementor-widget elementor-widget-text-editor\" data-id=\"99ad338\" data-element_type=\"widget\" data-e-type=\"widget\" data-widget_type=\"text-editor.default\">\n\t\t\t\t\t\t\t\t\t<ol>\n<li><strong>Usuaris<\/strong>: L&#8217;acc\u00e9s i \u00fas del lloc web implica l&#8217;acceptaci\u00f3 de les condicions aqu\u00ed descrites.<\/li>\n<li><strong>\u00das perm\u00e8s<\/strong>: Queda prohibit utilitzar el lloc web amb finalitats il\u00b7l\u00edcites, lesionar drets de tercers o actuar en contra de la bona fe i l&#8217;ordre p\u00fablic.<\/li>\n<li><strong>Contingut<\/strong>: el propietari no garanteix que el contingut del lloc web estigui sempre actualitzat, complet o sense errors.<\/li>\n<\/ol>\n\t\t\t\t\t\t\t\t<\/div>\n\t\t\t\t<div class=\"elementor-element elementor-element-637635c elementor-widget elementor-widget-spacer\" data-id=\"637635c\" data-element_type=\"widget\" data-e-type=\"widget\" data-widget_type=\"spacer.default\">\n\t\t\t\t\t\t\t<div class=\"elementor-spacer\">\n\t\t\t<div class=\"elementor-spacer-inner\"><\/div>\n\t\t<\/div>\n\t\t\t\t\t\t<\/div>\n\t\t\t\t<div class=\"elementor-element elementor-element-64f32f9 elementor-widget elementor-widget-heading\" data-id=\"64f32f9\" data-element_type=\"widget\" data-e-type=\"widget\" data-widget_type=\"heading.default\">\n\t\t\t\t\t<h4 class=\"elementor-heading-title elementor-size-default\">Drets de Propietat Intel\u00b7lectual i Industrial<\/h4>\t\t\t\t<\/div>\n\t\t\t\t<div class=\"elementor-element elementor-element-61f0ec1 elementor-widget elementor-widget-text-editor\" data-id=\"61f0ec1\" data-element_type=\"widget\" data-e-type=\"widget\" data-widget_type=\"text-editor.default\">\n\t\t\t\t\t\t\t\t\t<ol>\n<li>Tots els drets de propietat intel\u00b7lectual i industrial sobre els continguts del lloc web (textos, imatges, disseny, codi font, etc.) pertanyen al titular o a tercers autoritzats.<\/li>\n<li>Queda prohibida la reproducci\u00f3, distribuci\u00f3, comunicaci\u00f3 p\u00fablica o transformaci\u00f3 dels continguts sense autoritzaci\u00f3 expressa.<\/li>\n<\/ol>\n\t\t\t\t\t\t\t\t<\/div>\n\t\t\t\t<div class=\"elementor-element elementor-element-224da55 elementor-widget elementor-widget-spacer\" data-id=\"224da55\" data-element_type=\"widget\" data-e-type=\"widget\" data-widget_type=\"spacer.default\">\n\t\t\t\t\t\t\t<div class=\"elementor-spacer\">\n\t\t\t<div class=\"elementor-spacer-inner\"><\/div>\n\t\t<\/div>\n\t\t\t\t\t\t<\/div>\n\t\t\t\t<div class=\"elementor-element elementor-element-9d19cea elementor-widget elementor-widget-heading\" data-id=\"9d19cea\" data-element_type=\"widget\" data-e-type=\"widget\" data-widget_type=\"heading.default\">\n\t\t\t\t\t<h4 class=\"elementor-heading-title elementor-size-default\">Limitacions de responsabilitat<\/h4>\t\t\t\t<\/div>\n\t\t\t\t<div class=\"elementor-element elementor-element-2fcd6e3 elementor-widget elementor-widget-text-editor\" data-id=\"2fcd6e3\" data-element_type=\"widget\" data-e-type=\"widget\" data-widget_type=\"text-editor.default\">\n\t\t\t\t\t\t\t\t\t<ol>\n<li>El titular no es fa responsable de les interrupcions del servei causades per problemes t\u00e8cnics, accions de tercers o causes de for\u00e7a major.<\/li>\n<li>El propietari tampoc es fa responsable del contingut de tercers enlla\u00e7ats des del lloc web.<\/li>\n<\/ol>\n\t\t\t\t\t\t\t\t<\/div>\n\t\t\t\t<div class=\"elementor-element elementor-element-14eefd4 elementor-widget elementor-widget-spacer\" data-id=\"14eefd4\" data-element_type=\"widget\" data-e-type=\"widget\" data-widget_type=\"spacer.default\">\n\t\t\t\t\t\t\t<div class=\"elementor-spacer\">\n\t\t\t<div class=\"elementor-spacer-inner\"><\/div>\n\t\t<\/div>\n\t\t\t\t\t\t<\/div>\n\t\t\t\t<div class=\"elementor-element elementor-element-ad7d7dd elementor-widget elementor-widget-heading\" data-id=\"ad7d7dd\" data-element_type=\"widget\" data-e-type=\"widget\" data-widget_type=\"heading.default\">\n\t\t\t\t\t<h4 class=\"elementor-heading-title elementor-size-default\">Modificacions a l'Av\u00eds Legal<\/h4>\t\t\t\t<\/div>\n\t\t\t\t<div class=\"elementor-element elementor-element-de45e9e elementor-widget elementor-widget-text-editor\" data-id=\"de45e9e\" data-element_type=\"widget\" data-e-type=\"widget\" data-widget_type=\"text-editor.default\">\n\t\t\t\t\t\t\t\t\t<p>El propietari es reserva el dret de modificar el contingut d&#8217;aquest Av\u00eds Legal en qualsevol moment per reflectir canvis legislatius o pr\u00e0ctiques de mercat.<\/p>\n\t\t\t\t\t\t\t\t<\/div>\n\t\t\t\t<\/div>\n\t\t\t\t\t<\/div>\n\t\t\t\t<\/div>\n\t\t\t\t<\/div>\n\t\t","protected":false},"excerpt":{"rendered":"<p>Identificaci\u00f3 del propietari del lloc web En compliment de l&#8217;article 10 de la Llei 34\/2002, d&#8217;11 de juliol, de Serveis de la Societat de la Informaci\u00f3 i de Comer\u00e7 Electr\u00f2nic (LSSI-CE), es facilita la seg\u00fcent informaci\u00f3 sobre el titular del lloc web: Propietari: Reportia SL CIF\/NIF: B55485387 Adre\u00e7a: Passatge Llu\u00eds Pellicer 19, Local 1, 08036 [&hellip;]<\/p>\n","protected":false},"author":1,"featured_media":0,"parent":0,"menu_order":0,"comment_status":"closed","ping_status":"closed","template":"","meta":{"footnotes":""},"class_list":["post-4357","page","type-page","status-publish","hentry"],"_links":{"self":[{"href":"https:\/\/reportia.es\/ca\/wp-json\/wp\/v2\/pages\/4357","targetHints":{"allow":["GET"]}}],"collection":[{"href":"https:\/\/reportia.es\/ca\/wp-json\/wp\/v2\/pages"}],"about":[{"href":"https:\/\/reportia.es\/ca\/wp-json\/wp\/v2\/types\/page"}],"author":[{"embeddable":true,"href":"https:\/\/reportia.es\/ca\/wp-json\/wp\/v2\/users\/1"}],"replies":[{"embeddable":true,"href":"https:\/\/reportia.es\/ca\/wp-json\/wp\/v2\/comments?post=4357"}],"version-history":[{"count":0,"href":"https:\/\/reportia.es\/ca\/wp-json\/wp\/v2\/pages\/4357\/revisions"}],"wp:attachment":[{"href":"https:\/\/reportia.es\/ca\/wp-json\/wp\/v2\/media?parent=4357"}],"curies":[{"name":"wp","href":"https:\/\/api.w.org\/{rel}","templated":true}]}}