{"id":4355,"date":"2024-10-08T10:00:36","date_gmt":"2024-10-08T08:00:36","guid":{"rendered":"https:\/\/reportia.es\/politica-de-privadesa\/"},"modified":"2025-02-03T14:04:18","modified_gmt":"2025-02-03T13:04:18","slug":"politica-de-privadesa","status":"publish","type":"page","link":"https:\/\/reportia.es\/ca\/politica-de-privadesa\/","title":{"rendered":"Pol\u00edtica de privadesa"},"content":{"rendered":"\t\t<div data-elementor-type=\"wp-page\" data-elementor-id=\"4355\" class=\"elementor elementor-4355 elementor-3\" data-elementor-post-type=\"page\">\n\t\t\t\t<div class=\"elementor-element elementor-element-31a2068d e-flex e-con-boxed e-con e-parent\" data-id=\"31a2068d\" data-element_type=\"container\" data-e-type=\"container\" data-settings=\"{&quot;jet_parallax_layout_list&quot;:[]}\">\n\t\t\t\t\t<div class=\"e-con-inner\">\n\t\t\t\t<div class=\"elementor-element elementor-element-ba86685 elementor-widget elementor-widget-heading\" data-id=\"ba86685\" data-element_type=\"widget\" data-e-type=\"widget\" data-widget_type=\"heading.default\">\n\t\t\t\t\t<h1 class=\"elementor-heading-title elementor-size-default\">Pol\u00edtica de privadesa<\/h1>\t\t\t\t<\/div>\n\t\t<div class=\"elementor-element elementor-element-1cb2843 e-con-full e-flex e-con e-child\" data-id=\"1cb2843\" data-element_type=\"container\" data-e-type=\"container\" data-settings=\"{&quot;jet_parallax_layout_list&quot;:[]}\">\n\t\t\t\t<div class=\"elementor-element elementor-element-f84d2e4 elementor-widget elementor-widget-heading\" data-id=\"f84d2e4\" data-element_type=\"widget\" data-e-type=\"widget\" data-widget_type=\"heading.default\">\n\t\t\t\t\t<h4 class=\"elementor-heading-title elementor-size-default\">Identificaci\u00f3 del responsable del tractament<\/h4>\t\t\t\t<\/div>\n\t\t\t\t<div class=\"elementor-element elementor-element-baae9c7 elementor-widget elementor-widget-text-editor\" data-id=\"baae9c7\" data-element_type=\"widget\" data-e-type=\"widget\" data-widget_type=\"text-editor.default\">\n\t\t\t\t\t\t\t\t\t<p>En compliment del Reglament General de Protecci\u00f3 de Dades (GDPR) i de la Llei Org\u00e0nica 3\/2018 (LOPDGDD), es facilita la seg\u00fcent informaci\u00f3 sobre el responsable del tractament:<\/p>\n<ul>\n<li><strong>Controlador<\/strong>: Reportia SL<\/li>\n<li><strong>CIF\/NIF<\/strong>: B55485387<\/li>\n<li><strong>Adre\u00e7a<\/strong>: Passatge Llu\u00eds Pellicer 19, Local 1, 08036 Barcelona<\/li>\n<li><strong>Correu electr\u00f2nic<\/strong>: info@reportia.es<\/li>\n<\/ul>\t\t\t\t\t\t\t\t<\/div>\n\t\t\t\t<div class=\"elementor-element elementor-element-0d95622 elementor-widget elementor-widget-spacer\" data-id=\"0d95622\" data-element_type=\"widget\" data-e-type=\"widget\" data-widget_type=\"spacer.default\">\n\t\t\t\t\t\t\t<div class=\"elementor-spacer\">\n\t\t\t<div class=\"elementor-spacer-inner\"><\/div>\n\t\t<\/div>\n\t\t\t\t\t\t<\/div>\n\t\t\t\t<div class=\"elementor-element elementor-element-df1b549 elementor-widget elementor-widget-heading\" data-id=\"df1b549\" data-element_type=\"widget\" data-e-type=\"widget\" data-widget_type=\"heading.default\">\n\t\t\t\t\t<h4 class=\"elementor-heading-title elementor-size-default\">Dades tractades, finalitats i base legal<\/h4>\t\t\t\t<\/div>\n\t\t\t\t<div class=\"elementor-element elementor-element-e36f51b elementor-widget elementor-widget-text-editor\" data-id=\"e36f51b\" data-element_type=\"widget\" data-e-type=\"widget\" data-widget_type=\"text-editor.default\">\n\t\t\t\t\t\t\t\t\t<p>Les dades personals recollides en aquest lloc web es tractaran per a les finalitats seg\u00fcents:<\/p>\n<ol>\n<li><strong>Formulari de contacte<\/strong>:<\/li>\n<\/ol>\n<ul>\n<li>Dades recollides: Nom, correu electr\u00f2nic, tel\u00e8fon i missatge.<\/li>\n<li>Prop\u00f2sit: Gestionar les consultes dels usuaris.<\/li>\n<li>Base legal: consentiment expl\u00edcit de l&#8217;usuari.<\/li>\n<\/ul>\n<ol>\n<li><strong>Comunicacions Comercials<\/strong>:<\/li>\n<\/ol>\n<ul>\n<li>Dades recollides: Nom, correu electr\u00f2nic i prefer\u00e8ncies.<\/li>\n<li>Prop\u00f2sit: Enviar informaci\u00f3 promocional sobre els nostres serveis.<\/li>\n<li>Base legal: consentiment expl\u00edcit mitjan\u00e7ant subscripci\u00f3.<\/li>\n<\/ul>\n<ol>\n<li><strong>Gesti\u00f3 Administrativa<\/strong>:<\/li>\n<\/ol>\n<ul>\n<li>Dades recollides: Nom, cognoms, DNI\/NIF, adre\u00e7a i dades banc\u00e0ries.<\/li>\n<li>Prop\u00f2sit: Gesti\u00f3 de contractes, facturaci\u00f3 i compliment legal.<\/li>\n<li>Base legal: Execuci\u00f3 del contracte i compliment normatiu.<\/li>\n<\/ul>\t\t\t\t\t\t\t\t<\/div>\n\t\t\t\t<div class=\"elementor-element elementor-element-7a14009 elementor-widget elementor-widget-spacer\" data-id=\"7a14009\" data-element_type=\"widget\" data-e-type=\"widget\" data-widget_type=\"spacer.default\">\n\t\t\t\t\t\t\t<div class=\"elementor-spacer\">\n\t\t\t<div class=\"elementor-spacer-inner\"><\/div>\n\t\t<\/div>\n\t\t\t\t\t\t<\/div>\n\t\t\t\t<div class=\"elementor-element elementor-element-a7aa1b6 elementor-widget elementor-widget-heading\" data-id=\"a7aa1b6\" data-element_type=\"widget\" data-e-type=\"widget\" data-widget_type=\"heading.default\">\n\t\t\t\t\t<h4 class=\"elementor-heading-title elementor-size-default\">Retenci\u00f3 de dades<\/h4>\t\t\t\t<\/div>\n\t\t\t\t<div class=\"elementor-element elementor-element-99ad338 elementor-widget elementor-widget-text-editor\" data-id=\"99ad338\" data-element_type=\"widget\" data-e-type=\"widget\" data-widget_type=\"text-editor.default\">\n\t\t\t\t\t\t\t\t\t<ul>\n<li>Les dades es conservaran mentre existeixi una relaci\u00f3 contractual o quan sigui necessari per complir amb les finalitats del tractament. Posteriorment, les dades seran bloquejades i conservades nom\u00e9s per complir amb les obligacions legals durant els per\u00edodes requerits.<\/li>\n<li>Posteriormente, los datos ser\u00e1n bloqueados y conservados exclusivamente para atender responsabilidades legales durante los plazos exigidos por la normativa.<\/li>\n<\/ul>\t\t\t\t\t\t\t\t<\/div>\n\t\t\t\t<div class=\"elementor-element elementor-element-637635c elementor-widget elementor-widget-spacer\" data-id=\"637635c\" data-element_type=\"widget\" data-e-type=\"widget\" data-widget_type=\"spacer.default\">\n\t\t\t\t\t\t\t<div class=\"elementor-spacer\">\n\t\t\t<div class=\"elementor-spacer-inner\"><\/div>\n\t\t<\/div>\n\t\t\t\t\t\t<\/div>\n\t\t\t\t<div class=\"elementor-element elementor-element-64f32f9 elementor-widget elementor-widget-heading\" data-id=\"64f32f9\" data-element_type=\"widget\" data-e-type=\"widget\" data-widget_type=\"heading.default\">\n\t\t\t\t\t<h4 class=\"elementor-heading-title elementor-size-default\">Destinataris de dades<\/h4>\t\t\t\t<\/div>\n\t\t\t\t<div class=\"elementor-element elementor-element-61f0ec1 elementor-widget elementor-widget-text-editor\" data-id=\"61f0ec1\" data-element_type=\"widget\" data-e-type=\"widget\" data-widget_type=\"text-editor.default\">\n\t\t\t\t\t\t\t\t\t<ul>\n<li>No es compartiran dades amb tercers tret que sigui legalment requerit.<\/li>\n<li>Els prove\u00efdors de serveis que actuen com a processadors de dades poden accedir a les dades en virtut d&#8217;acords de confidencialitat i seguretat.<\/li>\n<\/ul>\t\t\t\t\t\t\t\t<\/div>\n\t\t\t\t<div class=\"elementor-element elementor-element-224da55 elementor-widget elementor-widget-spacer\" data-id=\"224da55\" data-element_type=\"widget\" data-e-type=\"widget\" data-widget_type=\"spacer.default\">\n\t\t\t\t\t\t\t<div class=\"elementor-spacer\">\n\t\t\t<div class=\"elementor-spacer-inner\"><\/div>\n\t\t<\/div>\n\t\t\t\t\t\t<\/div>\n\t\t\t\t<div class=\"elementor-element elementor-element-9d19cea elementor-widget elementor-widget-heading\" data-id=\"9d19cea\" data-element_type=\"widget\" data-e-type=\"widget\" data-widget_type=\"heading.default\">\n\t\t\t\t\t<h4 class=\"elementor-heading-title elementor-size-default\">Drets de l'usuari<\/h4>\t\t\t\t<\/div>\n\t\t\t\t<div class=\"elementor-element elementor-element-2fcd6e3 elementor-widget elementor-widget-text-editor\" data-id=\"2fcd6e3\" data-element_type=\"widget\" data-e-type=\"widget\" data-widget_type=\"text-editor.default\">\n\t\t\t\t\t\t\t\t\t<p>Els usuaris poden exercir els seg\u00fcents drets respecte a les seves dades personals:<\/p>\n<ol>\n<li>Acc\u00e9s<\/li>\n<li>Rectificaci\u00f3.<\/li>\n<li>Supressi\u00f3.<\/li>\n<li>Objecci\u00f3.<\/li>\n<li>Portabilitat.<\/li>\n<li>Restricci\u00f3 del tractament.<\/li>\n<\/ol>\n<p>Per exercir aquests drets, envieu un correu electr\u00f2nic a info@reportia.es amb una c\u00f2pia del vostre DNI i indiqueu el dret que voleu exercir.<\/p>\t\t\t\t\t\t\t\t<\/div>\n\t\t\t\t<div class=\"elementor-element elementor-element-ad7d7dd elementor-widget elementor-widget-heading\" data-id=\"ad7d7dd\" data-element_type=\"widget\" data-e-type=\"widget\" data-widget_type=\"heading.default\">\n\t\t\t\t\t<h4 class=\"elementor-heading-title elementor-size-default\">Mesures de seguretat<\/h4>\t\t\t\t<\/div>\n\t\t\t\t<div class=\"elementor-element elementor-element-de45e9e elementor-widget elementor-widget-text-editor\" data-id=\"de45e9e\" data-element_type=\"widget\" data-e-type=\"widget\" data-widget_type=\"text-editor.default\">\n\t\t\t\t\t\t\t\t\t<p>El responsable del tractament garanteix la implementaci\u00f3 de mesures t\u00e8cniques i organitzatives per protegir les dades personals contra l&#8217;acc\u00e9s, alteraci\u00f3 o p\u00e8rdua no autoritzats.<\/p>\n\t\t\t\t\t\t\t\t<\/div>\n\t\t\t\t<\/div>\n\t\t\t\t\t<\/div>\n\t\t\t\t<\/div>\n\t\t\t\t<\/div>\n\t\t","protected":false},"excerpt":{"rendered":"<p>Pol\u00edtica de privadesa Identificaci\u00f3 del responsable del tractament En compliment del Reglament General de Protecci\u00f3 de Dades (GDPR) i de la Llei Org\u00e0nica 3\/2018 (LOPDGDD), es facilita la seg\u00fcent informaci\u00f3 sobre el responsable del tractament: Controlador: Reportia SL CIF\/NIF: B55485387 Adre\u00e7a: Passatge Llu\u00eds Pellicer 19, Local 1, 08036 Barcelona Correu electr\u00f2nic: info@reportia.es Dades tractades, finalitats [&hellip;]<\/p>\n","protected":false},"author":1,"featured_media":0,"parent":0,"menu_order":0,"comment_status":"closed","ping_status":"closed","template":"","meta":{"footnotes":""},"class_list":["post-4355","page","type-page","status-publish","hentry"],"_links":{"self":[{"href":"https:\/\/reportia.es\/ca\/wp-json\/wp\/v2\/pages\/4355","targetHints":{"allow":["GET"]}}],"collection":[{"href":"https:\/\/reportia.es\/ca\/wp-json\/wp\/v2\/pages"}],"about":[{"href":"https:\/\/reportia.es\/ca\/wp-json\/wp\/v2\/types\/page"}],"author":[{"embeddable":true,"href":"https:\/\/reportia.es\/ca\/wp-json\/wp\/v2\/users\/1"}],"replies":[{"embeddable":true,"href":"https:\/\/reportia.es\/ca\/wp-json\/wp\/v2\/comments?post=4355"}],"version-history":[{"count":0,"href":"https:\/\/reportia.es\/ca\/wp-json\/wp\/v2\/pages\/4355\/revisions"}],"wp:attachment":[{"href":"https:\/\/reportia.es\/ca\/wp-json\/wp\/v2\/media?parent=4355"}],"curies":[{"name":"wp","href":"https:\/\/api.w.org\/{rel}","templated":true}]}}