{"id":4353,"date":"2024-11-29T09:15:32","date_gmt":"2024-11-29T08:15:32","guid":{"rendered":"https:\/\/reportia.es\/politica-de-cookies\/"},"modified":"2025-02-03T14:11:25","modified_gmt":"2025-02-03T13:11:25","slug":"politica-de-cookies","status":"publish","type":"page","link":"https:\/\/reportia.es\/ca\/politica-de-cookies\/","title":{"rendered":"Pol\u00edtica de cookies"},"content":{"rendered":"\t\t<div data-elementor-type=\"wp-page\" data-elementor-id=\"4353\" class=\"elementor elementor-4353 elementor-2998\" data-elementor-post-type=\"page\">\n\t\t\t\t<div class=\"elementor-element elementor-element-31a2068d e-flex e-con-boxed e-con e-parent\" data-id=\"31a2068d\" data-element_type=\"container\" data-e-type=\"container\" data-settings=\"{&quot;jet_parallax_layout_list&quot;:[]}\">\n\t\t\t\t\t<div class=\"e-con-inner\">\n\t\t\t\t<div class=\"elementor-element elementor-element-ba86685 elementor-widget elementor-widget-heading\" data-id=\"ba86685\" data-element_type=\"widget\" data-e-type=\"widget\" data-widget_type=\"heading.default\">\n\t\t\t\t\t<h1 class=\"elementor-heading-title elementor-size-default\">Pol\u00edtica de cookies<\/h1>\t\t\t\t<\/div>\n\t\t<div class=\"elementor-element elementor-element-1cb2843 e-con-full e-flex e-con e-child\" data-id=\"1cb2843\" data-element_type=\"container\" data-e-type=\"container\" data-settings=\"{&quot;jet_parallax_layout_list&quot;:[]}\">\n\t\t\t\t<div class=\"elementor-element elementor-element-f84d2e4 elementor-widget elementor-widget-heading\" data-id=\"f84d2e4\" data-element_type=\"widget\" data-e-type=\"widget\" data-widget_type=\"heading.default\">\n\t\t\t\t\t<h4 class=\"elementor-heading-title elementor-size-default\">Introducci\u00f3<\/h4>\t\t\t\t<\/div>\n\t\t\t\t<div class=\"elementor-element elementor-element-baae9c7 elementor-widget elementor-widget-text-editor\" data-id=\"baae9c7\" data-element_type=\"widget\" data-e-type=\"widget\" data-widget_type=\"text-editor.default\">\n\t\t\t\t\t\t\t\t\t<p>En aquest lloc web, utilitzem cookies pr\u00f2pies i de tercers per analitzar el tr\u00e0nsit, personalitzar el contingut i garantir el bon funcionament de les nostres plataformes.<\/p>\n\t\t\t\t\t\t\t\t<\/div>\n\t\t\t\t<div class=\"elementor-element elementor-element-0d95622 elementor-widget elementor-widget-spacer\" data-id=\"0d95622\" data-element_type=\"widget\" data-e-type=\"widget\" data-widget_type=\"spacer.default\">\n\t\t\t\t\t\t\t<div class=\"elementor-spacer\">\n\t\t\t<div class=\"elementor-spacer-inner\"><\/div>\n\t\t<\/div>\n\t\t\t\t\t\t<\/div>\n\t\t\t\t<div class=\"elementor-element elementor-element-df1b549 elementor-widget elementor-widget-heading\" data-id=\"df1b549\" data-element_type=\"widget\" data-e-type=\"widget\" data-widget_type=\"heading.default\">\n\t\t\t\t\t<h4 class=\"elementor-heading-title elementor-size-default\">Definici\u00f3 de Cookies<\/h4>\t\t\t\t<\/div>\n\t\t\t\t<div class=\"elementor-element elementor-element-e36f51b elementor-widget elementor-widget-text-editor\" data-id=\"e36f51b\" data-element_type=\"widget\" data-e-type=\"widget\" data-widget_type=\"text-editor.default\">\n\t\t\t\t\t\t\t\t\t<p>Les cookies s\u00f3n petits fitxers instal\u00b7lats al dispositiu de l&#8217;usuari quan visita un lloc web. El seu objectiu principal \u00e9s millorar l&#8217;experi\u00e8ncia de navegaci\u00f3 i habilitar determinades funcionalitats. <\/p>\n\t\t\t\t\t\t\t\t<\/div>\n\t\t\t\t<div class=\"elementor-element elementor-element-7a14009 elementor-widget elementor-widget-spacer\" data-id=\"7a14009\" data-element_type=\"widget\" data-e-type=\"widget\" data-widget_type=\"spacer.default\">\n\t\t\t\t\t\t\t<div class=\"elementor-spacer\">\n\t\t\t<div class=\"elementor-spacer-inner\"><\/div>\n\t\t<\/div>\n\t\t\t\t\t\t<\/div>\n\t\t\t\t<div class=\"elementor-element elementor-element-a7aa1b6 elementor-widget elementor-widget-heading\" data-id=\"a7aa1b6\" data-element_type=\"widget\" data-e-type=\"widget\" data-widget_type=\"heading.default\">\n\t\t\t\t\t<h4 class=\"elementor-heading-title elementor-size-default\">Tipus de cookies utilitzades<\/h4>\t\t\t\t<\/div>\n\t\t\t\t<div class=\"elementor-element elementor-element-99ad338 elementor-widget elementor-widget-text-editor\" data-id=\"99ad338\" data-element_type=\"widget\" data-e-type=\"widget\" data-widget_type=\"text-editor.default\">\n\t\t\t\t\t\t\t\t\t<ul>\n<li><strong>Cookies t\u00e8cniques<\/strong>: Imprescindible per al funcionament b\u00e0sic del lloc web.<\/li>\n<li><strong>Cookies de personalitzaci\u00f3<\/strong>: Recordeu les prefer\u00e8ncies de l&#8217;usuari.<\/li>\n<li><strong>Cookies anal\u00edtiques<\/strong>: recopila informaci\u00f3 sobre l&#8217;\u00fas del lloc web per millorar el rendiment (p. ex., Google Analytics).<\/li>\n<li><strong>Cookies publicit\u00e0ries<\/strong>: Gestionar els espais publicitaris en funci\u00f3 del perfil de l&#8217;usuari.<\/li>\n<\/ul>\n\t\t\t\t\t\t\t\t<\/div>\n\t\t\t\t<div class=\"elementor-element elementor-element-637635c elementor-widget elementor-widget-spacer\" data-id=\"637635c\" data-element_type=\"widget\" data-e-type=\"widget\" data-widget_type=\"spacer.default\">\n\t\t\t\t\t\t\t<div class=\"elementor-spacer\">\n\t\t\t<div class=\"elementor-spacer-inner\"><\/div>\n\t\t<\/div>\n\t\t\t\t\t\t<\/div>\n\t\t\t\t<div class=\"elementor-element elementor-element-64f32f9 elementor-widget elementor-widget-heading\" data-id=\"64f32f9\" data-element_type=\"widget\" data-e-type=\"widget\" data-widget_type=\"heading.default\">\n\t\t\t\t\t<h4 class=\"elementor-heading-title elementor-size-default\">Gesti\u00f3 del consentiment<\/h4>\t\t\t\t<\/div>\n\t\t\t\t<div class=\"elementor-element elementor-element-61f0ec1 elementor-widget elementor-widget-text-editor\" data-id=\"61f0ec1\" data-element_type=\"widget\" data-e-type=\"widget\" data-widget_type=\"text-editor.default\">\n\t\t\t\t\t\t\t\t\t<p>Els usuaris poden configurar l&#8217;\u00fas de galetes quan accedeixen al lloc web mitjan\u00e7ant un b\u00e0ner que els permet acceptar, rebutjar o personalitzar la configuraci\u00f3.<\/p>\n\t\t\t\t\t\t\t\t<\/div>\n\t\t\t\t<div class=\"elementor-element elementor-element-224da55 elementor-widget elementor-widget-spacer\" data-id=\"224da55\" data-element_type=\"widget\" data-e-type=\"widget\" data-widget_type=\"spacer.default\">\n\t\t\t\t\t\t\t<div class=\"elementor-spacer\">\n\t\t\t<div class=\"elementor-spacer-inner\"><\/div>\n\t\t<\/div>\n\t\t\t\t\t\t<\/div>\n\t\t\t\t<div class=\"elementor-element elementor-element-9d19cea elementor-widget elementor-widget-heading\" data-id=\"9d19cea\" data-element_type=\"widget\" data-e-type=\"widget\" data-widget_type=\"heading.default\">\n\t\t\t\t\t<h4 class=\"elementor-heading-title elementor-size-default\">Revocaci\u00f3 i eliminaci\u00f3 de cookies<\/h4>\t\t\t\t<\/div>\n\t\t\t\t<div class=\"elementor-element elementor-element-2fcd6e3 elementor-widget elementor-widget-text-editor\" data-id=\"2fcd6e3\" data-element_type=\"widget\" data-e-type=\"widget\" data-widget_type=\"text-editor.default\">\n\t\t\t\t\t\t\t\t\t<p>Els usuaris poden eliminar o bloquejar les cookies mitjan\u00e7ant la configuraci\u00f3 del seu navegador. A continuaci\u00f3 es mostren enlla\u00e7os a instruccions per als navegadors m\u00e9s utilitzats: <\/p>\n<ul>\n<li><a href=\"https:\/\/support.google.com\/chrome\/answer\/95647?hl=es&amp;co=GENIE.Platform%3DDesktop\" target=\"_blank\" rel=\"noopener\">Instruccions de Google Chrome<\/a><\/li>\n<li><a href=\"https:\/\/support.mozilla.org\/es\/kb\/habilitar-y-deshabilitar-cookies-sitios-web\" target=\"_blank\" rel=\"noopener\">Instruccions de Mozilla Firefox<\/a><\/li>\n<li><a href=\"https:\/\/support.microsoft.com\/es-es\/microsoft-edge\" target=\"_blank\" rel=\"noopener\">Instruccions de Microsoft Edge<\/a><\/li>\n<li><a href=\"https:\/\/support.apple.com\/es-es\/guide\/safari\/sfri11471\/mac\" target=\"_blank\" rel=\"noopener\">Instruccions de Safari<\/a><\/li>\n<\/ul>\n\t\t\t\t\t\t\t\t<\/div>\n\t\t\t\t<div class=\"elementor-element elementor-element-ad7d7dd elementor-widget elementor-widget-heading\" data-id=\"ad7d7dd\" data-element_type=\"widget\" data-e-type=\"widget\" data-widget_type=\"heading.default\">\n\t\t\t\t\t<h4 class=\"elementor-heading-title elementor-size-default\">Canvis a la Pol\u00edtica de Cookies<\/h4>\t\t\t\t<\/div>\n\t\t\t\t<div class=\"elementor-element elementor-element-de45e9e elementor-widget elementor-widget-text-editor\" data-id=\"de45e9e\" data-element_type=\"widget\" data-e-type=\"widget\" data-widget_type=\"text-editor.default\">\n\t\t\t\t\t\t\t\t\t<p>Ens reservem el dret d&#8217;actualitzar aquesta pol\u00edtica per reflectir els canvis en l&#8217;\u00fas de les galetes o la normativa aplicable.<\/p>\n\t\t\t\t\t\t\t\t<\/div>\n\t\t\t\t<div class=\"elementor-element elementor-element-373c1a6 elementor-widget elementor-widget-heading\" data-id=\"373c1a6\" data-element_type=\"widget\" data-e-type=\"widget\" data-widget_type=\"heading.default\">\n\t\t\t\t\t<h4 class=\"elementor-heading-title elementor-size-default\">Contacte<\/h4>\t\t\t\t<\/div>\n\t\t\t\t<div class=\"elementor-element elementor-element-93bc117 elementor-widget elementor-widget-text-editor\" data-id=\"93bc117\" data-element_type=\"widget\" data-e-type=\"widget\" data-widget_type=\"text-editor.default\">\n\t\t\t\t\t\t\t\t\t<p>Si teniu dubtes sobre aquesta pol\u00edtica, envieu-nos un correu electr\u00f2nic a info@reportia.es.<\/p>\n\t\t\t\t\t\t\t\t<\/div>\n\t\t\t\t<\/div>\n\t\t\t\t\t<\/div>\n\t\t\t\t<\/div>\n\t\t\t\t<\/div>\n\t\t","protected":false},"excerpt":{"rendered":"<p>Introducci\u00f3 En aquest lloc web, utilitzem cookies pr\u00f2pies i de tercers per analitzar el tr\u00e0nsit, personalitzar el contingut i garantir el bon funcionament de les nostres plataformes. Definici\u00f3 de Cookies Les cookies s\u00f3n petits fitxers instal\u00b7lats al dispositiu de l&#8217;usuari quan visita un lloc web. El seu objectiu principal \u00e9s millorar l&#8217;experi\u00e8ncia de navegaci\u00f3 i [&hellip;]<\/p>\n","protected":false},"author":1,"featured_media":0,"parent":0,"menu_order":0,"comment_status":"closed","ping_status":"closed","template":"","meta":{"footnotes":""},"class_list":["post-4353","page","type-page","status-publish","hentry"],"_links":{"self":[{"href":"https:\/\/reportia.es\/ca\/wp-json\/wp\/v2\/pages\/4353","targetHints":{"allow":["GET"]}}],"collection":[{"href":"https:\/\/reportia.es\/ca\/wp-json\/wp\/v2\/pages"}],"about":[{"href":"https:\/\/reportia.es\/ca\/wp-json\/wp\/v2\/types\/page"}],"author":[{"embeddable":true,"href":"https:\/\/reportia.es\/ca\/wp-json\/wp\/v2\/users\/1"}],"replies":[{"embeddable":true,"href":"https:\/\/reportia.es\/ca\/wp-json\/wp\/v2\/comments?post=4353"}],"version-history":[{"count":0,"href":"https:\/\/reportia.es\/ca\/wp-json\/wp\/v2\/pages\/4353\/revisions"}],"wp:attachment":[{"href":"https:\/\/reportia.es\/ca\/wp-json\/wp\/v2\/media?parent=4353"}],"curies":[{"name":"wp","href":"https:\/\/api.w.org\/{rel}","templated":true}]}}