{"id":4155,"date":"2024-10-16T08:07:37","date_gmt":"2024-10-16T06:07:37","guid":{"rendered":"https:\/\/reportia.es\/contacta-amb-nosaltres\/"},"modified":"2026-03-17T12:13:31","modified_gmt":"2026-03-17T11:13:31","slug":"contacta-amb-nosaltres","status":"publish","type":"page","link":"https:\/\/reportia.es\/ca\/contacta-amb-nosaltres\/","title":{"rendered":"Contacta amb nosaltres"},"content":{"rendered":"\t\t<div data-elementor-type=\"wp-page\" data-elementor-id=\"4155\" class=\"elementor elementor-4155 elementor-1017\" data-elementor-post-type=\"page\">\n\t\t\t\t<div data-dce-background-image-url=\"https:\/\/reportia.es\/wp-content\/uploads\/2024\/10\/color-header-scaled.webp\" class=\"elementor-element elementor-element-5c553d6 e-flex e-con-boxed e-con e-parent\" data-id=\"5c553d6\" data-element_type=\"container\" data-e-type=\"container\" data-settings=\"{&quot;background_background&quot;:&quot;classic&quot;,&quot;jet_parallax_layout_list&quot;:[]}\">\n\t\t\t\t\t<div class=\"e-con-inner\">\n\t\t\t\t<div data-dce-title-color=\"#FFFFFF\" class=\"elementor-element elementor-element-048ffe0 elementor-widget__width-initial elementor-widget-mobile__width-initial elementor-widget elementor-widget-heading\" data-id=\"048ffe0\" data-element_type=\"widget\" data-e-type=\"widget\" data-widget_type=\"heading.default\">\n\t\t\t\t\t<h1 class=\"elementor-heading-title elementor-size-default\">On ens pots <br>trobar<\/h1>\t\t\t\t<\/div>\n\t\t\t\t\t<\/div>\n\t\t\t\t<\/div>\n\t\t<div data-dce-background-color=\"#FFFFFF\" class=\"elementor-element elementor-element-a7cda31 e-flex e-con-boxed e-con e-parent\" data-id=\"a7cda31\" data-element_type=\"container\" data-e-type=\"container\" data-settings=\"{&quot;background_background&quot;:&quot;classic&quot;,&quot;jet_parallax_layout_list&quot;:[]}\">\n\t\t\t\t\t<div class=\"e-con-inner\">\n\t\t<div class=\"elementor-element elementor-element-2fa7b95 e-con-full e-flex e-con e-child\" data-id=\"2fa7b95\" data-element_type=\"container\" data-e-type=\"container\" data-settings=\"{&quot;jet_parallax_layout_list&quot;:[]}\">\n\t\t\t\t<div class=\"elementor-element elementor-element-7f19b5e elementor-widget__width-initial elementor-widget elementor-widget-heading\" data-id=\"7f19b5e\" data-element_type=\"widget\" data-e-type=\"widget\" data-widget_type=\"heading.default\">\n\t\t\t\t\t<h2 class=\"elementor-heading-title elementor-size-default\">Les nostres oficines i col\u00b7laboradors<\/h2>\t\t\t\t<\/div>\n\t\t\t\t<div class=\"elementor-element elementor-element-09d2770 elementor-widget__width-initial elementor-widget elementor-widget-heading\" data-id=\"09d2770\" data-element_type=\"widget\" data-e-type=\"widget\" data-widget_type=\"heading.default\">\n\t\t\t\t\t<h2 class=\"elementor-heading-title elementor-size-default\">Av. de Rius i Taulet, 29, 2-5<br>08172 Sant Cugat del Vall\u00e8s<br>Barcelona<br>_ <br><br>info@reportia.es<\/h2>\t\t\t\t<\/div>\n\t\t\t\t<div class=\"elementor-element elementor-element-97cd649 elementor-widget__width-auto elementor-widget elementor-widget-jet-button\" data-id=\"97cd649\" data-element_type=\"widget\" data-e-type=\"widget\" data-widget_type=\"jet-button.default\">\n\t\t\t\t<div class=\"elementor-widget-container\">\n\t\t\t\t\t<div class=\"elementor-jet-button jet-elements\"><div class=\"jet-button__container\">\n\t<a class=\"jet-button__instance jet-button__instance--icon-left hover-effect-1\" href=\"#elementor-action%3Aaction%3Dpopup%3Aopen%26settings%3DeyJpZCI6NDM0OSwidG9nZ2xlIjpmYWxzZX0%3D\">\n\t\t<div class=\"jet-button__plane jet-button__plane-normal\"><\/div>\n\t\t<div class=\"jet-button__plane jet-button__plane-hover\"><\/div>\n\t\t<div class=\"jet-button__state jet-button__state-normal\">\n\t\t\t<span class=\"jet-button__icon jet-elements-icon\"><svg xmlns=\"http:\/\/www.w3.org\/2000\/svg\" id=\"Layer_1\" viewBox=\"0 0 12 21\"><g id=\"Layer_11\"><path d=\"M10,21H2c-1.1,0-2-.9-2-2V2C0,.9.9,0,2,0h8c1.1,0,2,.9,2,2v17c0,1.1-.9,2-2,2ZM2,1c-.6,0-1,.4-1,1v17c0,.6.4,1,1,1h8c.6,0,1-.4,1-1V2c0-.6-.4-1-1-1H2Z\"><\/path><circle cx=\"6\" cy=\"18\" r=\"1\"><\/circle><\/g><\/svg><\/span><span class=\"jet-button__label\">Et truquem?<\/span>\t\t<\/div>\n\t\t<div class=\"jet-button__state jet-button__state-hover\">\n\t\t\t<span class=\"jet-button__icon jet-elements-icon\"><svg xmlns=\"http:\/\/www.w3.org\/2000\/svg\" id=\"Layer_1\" viewBox=\"0 0 12 21\"><g id=\"Layer_11\"><path d=\"M10,21H2c-1.1,0-2-.9-2-2V2C0,.9.9,0,2,0h8c1.1,0,2,.9,2,2v17c0,1.1-.9,2-2,2ZM2,1c-.6,0-1,.4-1,1v17c0,.6.4,1,1,1h8c.6,0,1-.4,1-1V2c0-.6-.4-1-1-1H2Z\"><\/path><circle cx=\"6\" cy=\"18\" r=\"1\"><\/circle><\/g><\/svg><\/span><span class=\"jet-button__label\">Et truquem?<\/span>\t\t<\/div>\n\t<\/a>\n<\/div>\n<\/div>\t\t\t\t<\/div>\n\t\t\t\t<\/div>\n\t\t\t\t<\/div>\n\t\t<div class=\"elementor-element elementor-element-49f7303 e-con-full e-flex e-con e-child\" data-id=\"49f7303\" data-element_type=\"container\" data-e-type=\"container\" data-settings=\"{&quot;jet_parallax_layout_list&quot;:[],&quot;background_background&quot;:&quot;classic&quot;}\">\n\t\t<div class=\"elementor-element elementor-element-4d67433 e-con-full e-flex e-con e-child\" data-id=\"4d67433\" data-element_type=\"container\" data-e-type=\"container\" data-settings=\"{&quot;jet_parallax_layout_list&quot;:[]}\">\n\t\t\t\t<div class=\"elementor-element elementor-element-7b902d6 elementor-widget elementor-widget-html\" data-id=\"7b902d6\" data-element_type=\"widget\" data-e-type=\"widget\" data-widget_type=\"html.default\">\n\t\t\t\t\t<link rel=\"stylesheet\" href=\"https:\/\/unpkg.com\/leaflet@1.9.4\/dist\/leaflet.css\" \/><style>#reportia-map {\n    width: 100%;\n    height: 780px;\n    border-radius: 20px;\n    overflow: hidden;\n    position: relative;\n}\n#reportia-map .leaflet-tile-pane {\n    filter: brightness(1.00) sepia(20%) hue-rotate(100deg) saturate(95%);\n}\n#reportia-map .leaflet-control-attribution {\n    background: rgba(255,255,255,0.75) !important;\n    font-size: 10px;\n    color: #294E59;\n}\n#reportia-map .leaflet-control-attribution a {\n    color: #27D18D;\n}\n#reportia-map .leaflet-control-zoom {\n    border: none !important;\n    box-shadow: 0 2px 8px rgba(41,78,89,0.15) !important;\n}\n#reportia-map .leaflet-control-zoom a {\n    background: #294E59 !important;\n    color: #9CE3C0 !important;\n    border: none !important;\n    width: 36px !important;\n    height: 36px !important;\n    line-height: 36px !important;\n    font-size: 16px !important;\n    transition: background 0.2s;\n}\n#reportia-map .leaflet-control-zoom a:hover {\n    background: #27D18D !important;\n    color: #294E59 !important;\n}\n#reportia-map .leaflet-control-zoom-in {\n    border-radius: 8px 8px 0 0 !important;\n}\n#reportia-map .leaflet-control-zoom-out {\n    border-radius: 0 0 8px 8px !important;\n}\n@media (max-width: 767px) {\n    #reportia-map {\n        height: 400px;\n    }\n}\n#reportia-map .station-marker {\n    display: flex;\n    align-items: center;\n    gap: 6px;\n    white-space: nowrap;\n}\n#reportia-map .station-logo {\n    width: 26px;\n    height: 26px;\n    border-radius: 50%;\n    box-shadow: 0 1px 4px rgba(41,78,89,0.2);\n    flex-shrink: 0;\n    overflow: hidden;\n    display: flex;\n    align-items: center;\n    justify-content: center;\n    background: #93d500;\n}\n#reportia-map .station-logo svg {\n    width: 26px;\n    height: 26px;\n}\n#reportia-map .station-name {\n    font-family: 'Poppins', sans-serif;\n    font-size: 11px;\n    font-weight: 500;\n    color: #294E59;\n    background: rgba(255,255,255,0.85);\n    padding: 2px 7px;\n    border-radius: 4px;\n    line-height: 1.3;\n}\n\n<\/style><div id=\"reportia-map\"><\/div><script src=\"https:\/\/unpkg.com\/leaflet@1.9.4\/dist\/leaflet.js\"><\/script><script>(function() {\n    var lat = 41.4720;\n    var lon = 2.0815;\n\n    var map = L.map('reportia-map', {\n        center: [41.4700, 2.0815],\n        zoom: 16,\n        zoomControl: false,\n        scrollWheelZoom: false,\n        attributionControl: true\n    });\n\n    L.control.zoom({ position: 'bottomright' }).addTo(map);\n\n    L.tileLayer('https:\/\/{s}.basemaps.cartocdn.com\/light_all\/{z}\/{x}\/{y}{r}.png', {\n        attribution: '&copy; <a href=\"https:\/\/www.openstreetmap.org\/copyright\">OSM<\/a> &copy; <a href=\"https:\/\/carto.com\/\">CARTO<\/a>',\n        maxZoom: 19,\n        subdomains: 'abcd'\n    }).addTo(map);\n\n    var reportiaIcon = L.icon({\n        iconUrl: 'https:\/\/reportia.es\/wp-content\/uploads\/2025\/11\/pin-Reportia-scaled.png',\n        iconSize: [48, 48],\n        iconAnchor: [24, 48],\n        popupAnchor: [0, -52]\n    });\n\n    var marker = L.marker([lat, lon], { icon: reportiaIcon }).addTo(map);\n\n    \n\n    var fgcSvg = '<svg xmlns=\"http:\/\/www.w3.org\/2000\/svg\" viewBox=\"0 0 49.25 49.25\"><rect fill=\"#93d500\" width=\"49.25\" height=\"49.25\"\/><path fill=\"#fff\" d=\"M36.35,46.79H30.91a.39.39,0,0,1-.27-.68l10.59-9.83a3.64,3.64,0,0,0,1.15-2.65v-4.8a2.14,2.14,0,0,0-2.14-2.14H35.1a3,3,0,0,0-2,.77L21.35,38.07a.36.36,0,0,1-.26.11H18.45a.4.4,0,0,1-.4-.4V35.2a.41.41,0,0,1,.13-.29L30.57,23.59a5.89,5.89,0,0,1,4-1.53h5.88a6.5,6.5,0,0,1,6.51,6.51v4.8a8.74,8.74,0,0,1-2.83,6.45l-7.47,6.87a.43.43,0,0,1-.27.1\"\/><path fill=\"#fff\" d=\"M19.84,22.16,12.37,29a8.74,8.74,0,0,0-2.83,6.45v4.8a6.5,6.5,0,0,0,6.51,6.51h5.88a5.86,5.86,0,0,0,4-1.54L38.28,33.93a.39.39,0,0,0,.13-.29V31.07a.4.4,0,0,0-.39-.4H35.37a.42.42,0,0,0-.26.1L23.36,41.39a3,3,0,0,1-2,.77H16.22A2.14,2.14,0,0,1,14.08,40v-4.8a3.64,3.64,0,0,1,1.15-2.65l10.59-9.83a.39.39,0,0,0-.27-.68H20.11a.39.39,0,0,0-.27.1\"\/><\/svg>';\n    var fgcIcon = L.divIcon({\n        className: \"\",\n        html: '<div class=\"station-marker\"><div class=\"station-logo\">' + fgcSvg + '<\/div><span class=\"station-name\">Sant Cugat Centre<\/span><\/div>',\n        iconSize: [0, 0],\n        iconAnchor: [13, 13]\n    });\n    L.marker([41.4679690, 2.0782386], { icon: fgcIcon, interactive: false }).addTo(map);\n    setTimeout(function() { map.invalidateSize(); }, 500);\n    setTimeout(function() { map.invalidateSize(); }, 1500);\n})();\n<\/script>\t\t\t\t<\/div>\n\t\t\t\t<\/div>\n\t\t\t\t<\/div>\n\t\t\t\t\t<\/div>\n\t\t\t\t<\/div>\n\t\t<div class=\"elementor-element elementor-element-6951575 e-flex e-con-boxed e-con e-parent\" data-id=\"6951575\" data-element_type=\"container\" data-e-type=\"container\" data-settings=\"{&quot;background_background&quot;:&quot;classic&quot;,&quot;jet_parallax_layout_list&quot;:[]}\">\n\t\t\t\t\t<div class=\"e-con-inner\">\n\t\t\t\t<div class=\"elementor-element elementor-element-425fb8f elementor-widget elementor-widget-heading\" data-id=\"425fb8f\" data-element_type=\"widget\" data-e-type=\"widget\" data-widget_type=\"heading.default\">\n\t\t\t\t\t<h2 class=\"elementor-heading-title elementor-size-default\">Contacta amb nosaltres<\/h2>\t\t\t\t<\/div>\n\t\t\t\t<div class=\"elementor-element elementor-element-064bf45 elementor-widget__width-initial elementor-widget elementor-widget-heading\" data-id=\"064bf45\" data-element_type=\"widget\" data-e-type=\"widget\" data-widget_type=\"heading.default\">\n\t\t\t\t\t<p class=\"elementor-heading-title elementor-size-default\">Estem aqu\u00ed per ajudar-te amb els nostres serveis, avaluar el teu cas personalment i planificar tot all\u00f2 relacionat amb la teva \u00e0rea de sostenibilitat i responsabilitat corporativa. Omple aquest breu q\u00fcestionari o escriu-nos un mail a <span style=\"color:#27D18D;font-weight:700\">info@reportia.es<\/span> i ens posarem en contacte amb tu:<\/p>\t\t\t\t<\/div>\n\t\t\t\t<div class=\"elementor-element elementor-element-df21c13 elementor-button-align-center elementor-widget__width-initial elementor-widget elementor-widget-form\" data-id=\"df21c13\" data-element_type=\"widget\" data-e-type=\"widget\" data-settings=\"{&quot;step_next_label&quot;:&quot;Seg\\u00fcent&quot;,&quot;step_previous_label&quot;:&quot;Anterior&quot;,&quot;button_width&quot;:&quot;100&quot;,&quot;dce_confirm_dialog_enabled&quot;:&quot;no&quot;,&quot;step_type&quot;:&quot;number_text&quot;,&quot;step_icon_shape&quot;:&quot;circle&quot;}\" data-widget_type=\"form.default\">\n\t\t\t\t\t\t\t<form class=\"elementor-form\" method=\"post\" name=\"Formulari de contacte\" aria-label=\"Formulari de contacte\">\n\t\t\t<input type=\"hidden\" name=\"post_id\" value=\"4155\"\/>\n\t\t\t<input type=\"hidden\" name=\"form_id\" value=\"df21c13\"\/>\n\t\t\t<input type=\"hidden\" name=\"referer_title\" value=\"\" \/>\n\n\t\t\t\n\t\t\t<div class=\"elementor-form-fields-wrapper elementor-labels-\">\n\t\t\t\t\t\t\t\t<div class=\"elementor-field-type-text elementor-field-group elementor-column elementor-field-group-nombre elementor-col-100 elementor-field-required\">\n\t\t\t\t\t\t\t\t\t\t\t\t<label for=\"form-field-nombre\" class=\"elementor-field-label elementor-screen-only\">\n\t\t\t\t\t\t\t\tNom\t\t\t\t\t\t\t<\/label>\n\t\t\t\t\t\t\t\t\t\t\t\t\t\t<input size=\"1\" type=\"text\" name=\"form_fields[nombre]\" id=\"form-field-nombre\" class=\"elementor-field elementor-size-xl  elementor-field-textual\" placeholder=\"Nom*\" required=\"required\">\n\t\t\t\t\t\t\t\t\t\t\t<\/div>\n\t\t\t\t\t\t\t\t<div class=\"elementor-field-type-text elementor-field-group elementor-column elementor-field-group-empresa elementor-col-100 elementor-field-required\">\n\t\t\t\t\t\t\t\t\t\t\t\t<label for=\"form-field-empresa\" class=\"elementor-field-label elementor-screen-only\">\n\t\t\t\t\t\t\t\tEmpresa\t\t\t\t\t\t\t<\/label>\n\t\t\t\t\t\t\t\t\t\t\t\t\t\t<input size=\"1\" type=\"text\" name=\"form_fields[empresa]\" id=\"form-field-empresa\" class=\"elementor-field elementor-size-xl  elementor-field-textual\" placeholder=\"Empresa o Organitzaci\u00f3*\" required=\"required\">\n\t\t\t\t\t\t\t\t\t\t\t<\/div>\n\t\t\t\t\t\t\t\t<div class=\"elementor-field-type-email elementor-field-group elementor-column elementor-field-group-email elementor-col-100 elementor-field-required\">\n\t\t\t\t\t\t\t\t\t\t\t\t<label for=\"form-field-email\" class=\"elementor-field-label elementor-screen-only\">\n\t\t\t\t\t\t\t\tCorreu electr\u00f2nic\t\t\t\t\t\t\t<\/label>\n\t\t\t\t\t\t\t\t\t\t\t\t\t\t<input size=\"1\" type=\"email\" name=\"form_fields[email]\" id=\"form-field-email\" class=\"elementor-field elementor-size-xl  elementor-field-textual\" placeholder=\"El teu correu electr\u00f2nic de contacte*\" required=\"required\">\n\t\t\t\t\t\t\t\t\t\t\t<\/div>\n\t\t\t\t\t\t\t\t<div class=\"elementor-field-type-text\">\n\t\t\t\t\t<input size=\"1\" type=\"text\" name=\"form_fields[field_5b79638]\" id=\"form-field-field_5b79638\" class=\"elementor-field elementor-size-xl \" style=\"display:none !important;\">\t\t\t\t<\/div>\n\t\t\t\t\t\t\t\t<div class=\"elementor-field-type-text elementor-field-group elementor-column elementor-field-group-cargo elementor-col-100\">\n\t\t\t\t\t\t\t\t\t\t\t\t<label for=\"form-field-cargo\" class=\"elementor-field-label elementor-screen-only\">\n\t\t\t\t\t\t\t\tC\u00e0rrec\t\t\t\t\t\t\t<\/label>\n\t\t\t\t\t\t\t\t\t\t\t\t\t\t<input size=\"1\" type=\"text\" name=\"form_fields[cargo]\" id=\"form-field-cargo\" class=\"elementor-field elementor-size-xl  elementor-field-textual\" placeholder=\"C\u00e0rrec (opcional)\">\n\t\t\t\t\t\t\t\t\t\t\t<\/div>\n\t\t\t\t\t\t\t\t<div class=\"elementor-field-type-textarea elementor-field-group elementor-column elementor-field-group-mensaje elementor-col-100 elementor-field-required\">\n\t\t\t\t\t\t\t\t\t\t\t\t<label for=\"form-field-mensaje\" class=\"elementor-field-label elementor-screen-only\">\n\t\t\t\t\t\t\t\tMissatge\t\t\t\t\t\t\t<\/label>\n\t\t\t\t\t\t<textarea class=\"elementor-field-textual elementor-field  elementor-size-xl\" name=\"form_fields[mensaje]\" id=\"form-field-mensaje\" rows=\"4\" placeholder=\"Com et podem ajudar?*\" required=\"required\"><\/textarea>\t\t\t\t<\/div>\n\t\t\t\t\t\t\t\t<div class=\"elementor-field-type-acceptance elementor-field-group elementor-column elementor-field-group-privacidad elementor-col-100 elementor-field-required\">\n\t\t\t\t\t\t\t\t\t\t\t\t<label for=\"form-field-privacidad\" class=\"elementor-field-label elementor-screen-only\">\n\t\t\t\t\t\t\t\tPol\u00edtica de privadesa\t\t\t\t\t\t\t<\/label>\n\t\t\t\t\t\t\t\t<div class=\"elementor-field-subgroup\">\n\t\t\t<span class=\"elementor-field-option\">\n\t\t\t\t<input type=\"checkbox\" name=\"form_fields[privacidad]\" id=\"form-field-privacidad\" class=\"elementor-field elementor-size-xl  elementor-acceptance-field\" required=\"required\">\n\t\t\t\t<label for=\"form-field-privacidad\">Accepto la <a href=\"https:\/\/reportia.es\/ca\/politica-de-privadesa\/\" target=\"_blank\">Pol\u00edtica de privadesa<\/a>, i autoritzo el tractament dels meus dades conforme a la consulta realitzada.<\/label>\t\t\t<\/span>\n\t\t<\/div>\n\t\t\t\t\t\t<\/div>\n\t\t\t\t\t\t\t\t<div class=\"elementor-field-type-acceptance elementor-field-group elementor-column elementor-field-group-newsletter elementor-col-100 elementor-field-required\">\n\t\t\t\t\t\t\t\t\t\t\t\t<label for=\"form-field-newsletter\" class=\"elementor-field-label elementor-screen-only\">\n\t\t\t\t\t\t\t\tNewsletter\t\t\t\t\t\t\t<\/label>\n\t\t\t\t\t\t\t\t<div class=\"elementor-field-subgroup\">\n\t\t\t<span class=\"elementor-field-option\">\n\t\t\t\t<input type=\"checkbox\" name=\"form_fields[newsletter]\" id=\"form-field-newsletter\" class=\"elementor-field elementor-size-xl  elementor-acceptance-field\" required=\"required\">\n\t\t\t\t<label for=\"form-field-newsletter\">Autoritzo a Reportar a enviar, via email, informaci\u00f3 de car\u00e0cter comercial relativa als seus productes i serveis<\/label>\t\t\t<\/span>\n\t\t<\/div>\n\t\t\t\t\t\t<\/div>\n\t\t\t\t\t\t\t\t<div class=\"elementor-field-type-html elementor-field-group elementor-column elementor-field-group-field_973b550 elementor-col-100\">\n\t\t\t\t\t* Camps obligatoris\t\t\t\t<\/div>\n\t\t\t\t\t\t\t\t<div class=\"elementor-field-group elementor-column elementor-field-type-submit elementor-col-100 e-form__buttons\">\n\t\t\t\t\t<button class=\"elementor-button elementor-size-sm\" type=\"submit\">\n\t\t\t\t\t\t<span class=\"elementor-button-content-wrapper\">\n\t\t\t\t\t\t\t\t\t\t\t\t\t\t\t<span class=\"elementor-button-icon\">\n\t\t\t\t\t\t\t\t\t<svg xmlns=\"http:\/\/www.w3.org\/2000\/svg\" viewBox=\"0 0 11 11\"><defs><style>      .cls-1 {        fill: #fff;      }    <\/style><\/defs><g><g id=\"Layer_1\"><path class=\"cls-1\" d=\"M4.8,1.5l1.1-.9c.4.7.9,1.4,1.3,1.9.4.6.9,1,1.3,1.5.5.4.9.8,1.5,1.2h0c-.5.5-1,.9-1.5,1.3-.5.4-.9.9-1.3,1.5-.4.6-.9,1.2-1.3,1.9l-1.1-.9c.4-.6.8-1.1,1.2-1.6.4-.5.8-.9,1.2-1.2.4-.3.8-.6,1.2-.8.4-.2.7-.4,1.1-.4v.5c-.3,0-.7-.2-1.1-.4-.4-.2-.8-.5-1.2-.8-.4-.3-.8-.7-1.2-1.2-.4-.5-.8-1-1.2-1.6ZM.7,4.6h4.5c.6,0,1.2,0,1.7,0,.5,0,1,.1,1.4.2l.9.5-.9.5c-.4,0-.9.1-1.4.2-.5,0-1.1,0-1.7,0H.7v-1.5Z\"><\/path><\/g><\/g><\/svg>\t\t\t\t\t\t\t\t\t\t\t\t\t\t\t\t\t<\/span>\n\t\t\t\t\t\t\t\t\t\t\t\t\t\t\t\t\t\t\t\t\t\t<span class=\"elementor-button-text\">Enviar<\/span>\n\t\t\t\t\t\t\t\t\t\t\t\t\t<\/span>\n\t\t\t\t\t<\/button>\n\t\t\t\t<\/div>\n\t\t\t<\/div>\n\t\t<\/form>\n\t\t\t\t\t\t<\/div>\n\t\t\t\t\t<\/div>\n\t\t\t\t<\/div>\n\t\t<div class=\"elementor-element elementor-element-33a8562 e-con-full e-flex e-con e-parent\" data-id=\"33a8562\" data-element_type=\"container\" data-e-type=\"container\" data-settings=\"{&quot;jet_parallax_layout_list&quot;:[],&quot;enabled_visibility&quot;:&quot;no&quot;}\">\n\t\t\t\t<div class=\"elementor-element elementor-element-19c4ab7 elementor-widget elementor-widget-template\" data-id=\"19c4ab7\" data-element_type=\"widget\" data-e-type=\"widget\" data-widget_type=\"template.default\">\n\t\t\t\t<div class=\"elementor-widget-container\">\n\t\t\t\t\t\t\t<div class=\"elementor-template\">\n\t\t\t\t\t<div data-elementor-type=\"section\" data-elementor-id=\"4113\" class=\"elementor elementor-4113 elementor-2847 elementor-2847\" data-elementor-post-type=\"elementor_library\">\n\t\t\t<div class=\"elementor-element elementor-element-674b932 e-flex e-con-boxed e-con e-parent\" data-id=\"674b932\" data-element_type=\"container\" data-e-type=\"container\" data-settings=\"{&quot;background_background&quot;:&quot;classic&quot;,&quot;jet_parallax_layout_list&quot;:[]}\">\n\t\t\t\t\t<div class=\"e-con-inner\">\n\t\t<div class=\"elementor-element elementor-element-8bfaf15 e-con-full e-flex e-con e-child\" data-id=\"8bfaf15\" data-element_type=\"container\" data-e-type=\"container\" data-settings=\"{&quot;jet_parallax_layout_list&quot;:[]}\">\n\t\t\t\t<div data-dce-title-color=\"#FFFFFF\" class=\"elementor-element elementor-element-ba51c8a elementor-widget__width-initial elementor-widget elementor-widget-heading\" data-id=\"ba51c8a\" data-element_type=\"widget\" data-e-type=\"widget\" data-widget_type=\"heading.default\">\n\t\t\t\t\t<p class=\"elementor-heading-title elementor-size-default\">CONSULTA EXPRESS<\/p>\t\t\t\t<\/div>\n\t\t\t\t<div data-dce-title-color=\"#FFFFFF\" class=\"elementor-element elementor-element-338fc40 elementor-widget__width-initial elementor-widget elementor-widget-heading\" data-id=\"338fc40\" data-element_type=\"widget\" data-e-type=\"widget\" data-widget_type=\"heading.default\">\n\t\t\t\t\t<h2 class=\"elementor-heading-title elementor-size-default\">Necessites respostes?<\/h2>\t\t\t\t<\/div>\n\t\t\t\t<div data-dce-title-color=\"#FFFFFF\" class=\"elementor-element elementor-element-76731bf elementor-widget__width-inherit elementor-widget elementor-widget-heading\" data-id=\"76731bf\" data-element_type=\"widget\" data-e-type=\"widget\" data-widget_type=\"heading.default\">\n\t\t\t\t\t<p class=\"elementor-heading-title elementor-size-default\">Com puc comen\u00e7ar a implementar la sostenibilitat a la meva pime?<br>Estic obligat a preparar la declaraci\u00f3 d'informaci\u00f3 no financera (EINF)?<br>Quines altres obligacions legals m'apliquen? <\/p>\t\t\t\t<\/div>\n\t\t\t\t<\/div>\n\t\t<div class=\"elementor-element elementor-element-30dceee e-con-full e-flex e-con e-child\" data-id=\"30dceee\" data-element_type=\"container\" data-e-type=\"container\" data-settings=\"{&quot;jet_parallax_layout_list&quot;:[]}\">\n\t\t\t\t<div class=\"elementor-element elementor-element-7469186 elementor-widget__width-initial elementor-widget elementor-widget-heading\" data-id=\"7469186\" data-element_type=\"widget\" data-e-type=\"widget\" data-widget_type=\"heading.default\">\n\t\t\t\t\t<p class=\"elementor-heading-title elementor-size-default\">Oferim assessorament i solucions immediates, oferint respostes r\u00e0pides mitjan\u00e7ant m\u00f2bil, correu electr\u00f2nic o videotrucada amb els nostres experts. Atenci\u00f3 personalitzada sense temps d'espera, des de qualsevol part del m\u00f3n.\n<\/p>\t\t\t\t<\/div>\n\t\t<div class=\"elementor-element elementor-element-4dbdd81 e-con-full e-flex e-con e-child\" data-id=\"4dbdd81\" data-element_type=\"container\" data-e-type=\"container\" data-settings=\"{&quot;jet_parallax_layout_list&quot;:[]}\">\n\t\t<!-- dce invisible element 549e46d -->\t\t<div class=\"elementor-element elementor-element-98de5f0 elementor-widget__width-initial elementor-widget-laptop__width-inherit elementor-widget elementor-widget-jet-button\" data-id=\"98de5f0\" data-element_type=\"widget\" data-e-type=\"widget\" data-widget_type=\"jet-button.default\">\n\t\t\t\t<div class=\"elementor-widget-container\">\n\t\t\t\t\t<div class=\"elementor-jet-button jet-elements\"><div class=\"jet-button__container\">\n\t<a class=\"jet-button__instance jet-button__instance--icon-left hover-effect-1\" href=\"#elementor-action%3Aaction%3Dpopup%3Aopen%26settings%3DeyJpZCI6NDM0OSwidG9nZ2xlIjpmYWxzZX0%3D\">\n\t\t<div class=\"jet-button__plane jet-button__plane-normal\"><\/div>\n\t\t<div class=\"jet-button__plane jet-button__plane-hover\"><\/div>\n\t\t<div class=\"jet-button__state jet-button__state-normal\">\n\t\t\t<span class=\"jet-button__icon jet-elements-icon\"><svg xmlns=\"http:\/\/www.w3.org\/2000\/svg\" id=\"Layer_1\" viewBox=\"0 0 12 21\"><g id=\"Layer_11\"><path d=\"M10,21H2c-1.1,0-2-.9-2-2V2C0,.9.9,0,2,0h8c1.1,0,2,.9,2,2v17c0,1.1-.9,2-2,2ZM2,1c-.6,0-1,.4-1,1v17c0,.6.4,1,1,1h8c.6,0,1-.4,1-1V2c0-.6-.4-1-1-1H2Z\"><\/path><circle cx=\"6\" cy=\"18\" r=\"1\"><\/circle><\/g><\/svg><\/span><span class=\"jet-button__label\">Et tornem la trucada<\/span>\t\t<\/div>\n\t\t<div class=\"jet-button__state jet-button__state-hover\">\n\t\t\t<span class=\"jet-button__icon jet-elements-icon\"><svg xmlns=\"http:\/\/www.w3.org\/2000\/svg\" id=\"Layer_1\" viewBox=\"0 0 12 21\"><g id=\"Layer_11\"><path d=\"M10,21H2c-1.1,0-2-.9-2-2V2C0,.9.9,0,2,0h8c1.1,0,2,.9,2,2v17c0,1.1-.9,2-2,2ZM2,1c-.6,0-1,.4-1,1v17c0,.6.4,1,1,1h8c.6,0,1-.4,1-1V2c0-.6-.4-1-1-1H2Z\"><\/path><circle cx=\"6\" cy=\"18\" r=\"1\"><\/circle><\/g><\/svg><\/span><span class=\"jet-button__label\">Et tornem la trucada<\/span>\t\t<\/div>\n\t<\/a>\n<\/div>\n<\/div>\t\t\t\t<\/div>\n\t\t\t\t<\/div>\n\t\t\t\t<\/div>\n\t\t\t\t<\/div>\n\t\t\t\t\t<\/div>\n\t\t\t\t<\/div>\n\t\t\t\t<\/div>\n\t\t\t\t<\/div>\n\t\t\t\t\t\t<\/div>\n\t\t\t\t<\/div>\n\t\t\t\t<\/div>\n\t\t\t\t<\/div>\n\t\t","protected":false},"excerpt":{"rendered":"<p>On ens pots trobar Les nostres oficines i col\u00b7laboradors Av. de Rius i Taulet, 29, 2-508172 Sant Cugat del Vall\u00e8sBarcelona_ info@reportia.es Contacta amb nosaltres Estem aqu\u00ed per ajudar-te amb els nostres serveis, avaluar el teu cas personalment i planificar tot all\u00f2 relacionat amb la teva \u00e0rea de sostenibilitat i responsabilitat corporativa. Omple aquest breu q\u00fcestionari [&hellip;]<\/p>\n","protected":false},"author":1,"featured_media":0,"parent":0,"menu_order":0,"comment_status":"closed","ping_status":"closed","template":"","meta":{"footnotes":""},"class_list":["post-4155","page","type-page","status-publish","hentry"],"_links":{"self":[{"href":"https:\/\/reportia.es\/ca\/wp-json\/wp\/v2\/pages\/4155","targetHints":{"allow":["GET"]}}],"collection":[{"href":"https:\/\/reportia.es\/ca\/wp-json\/wp\/v2\/pages"}],"about":[{"href":"https:\/\/reportia.es\/ca\/wp-json\/wp\/v2\/types\/page"}],"author":[{"embeddable":true,"href":"https:\/\/reportia.es\/ca\/wp-json\/wp\/v2\/users\/1"}],"replies":[{"embeddable":true,"href":"https:\/\/reportia.es\/ca\/wp-json\/wp\/v2\/comments?post=4155"}],"version-history":[{"count":0,"href":"https:\/\/reportia.es\/ca\/wp-json\/wp\/v2\/pages\/4155\/revisions"}],"wp:attachment":[{"href":"https:\/\/reportia.es\/ca\/wp-json\/wp\/v2\/media?parent=4155"}],"curies":[{"name":"wp","href":"https:\/\/api.w.org\/{rel}","templated":true}]}}