{"id":4153,"date":"2024-10-16T08:55:41","date_gmt":"2024-10-16T06:55:41","guid":{"rendered":"https:\/\/reportia.es\/noticies\/"},"modified":"2025-02-03T08:12:08","modified_gmt":"2025-02-03T07:12:08","slug":"noticies","status":"publish","type":"page","link":"https:\/\/reportia.es\/ca\/noticies\/","title":{"rendered":"Not\u00edcies"},"content":{"rendered":"\t\t<div data-elementor-type=\"wp-page\" data-elementor-id=\"4153\" class=\"elementor elementor-4153 elementor-1056\" data-elementor-post-type=\"page\">\n\t\t\t\t<div class=\"elementor-element elementor-element-8c87f69 e-flex e-con-boxed e-con e-parent\" data-id=\"8c87f69\" data-element_type=\"container\" data-e-type=\"container\" data-settings=\"{&quot;jet_parallax_layout_list&quot;:[]}\">\n\t\t\t\t\t<div class=\"e-con-inner\">\n\t\t\t\t<div class=\"elementor-element elementor-element-4b55cc8 elementor-widget__width-auto elementor-widget elementor-widget-heading\" data-id=\"4b55cc8\" data-element_type=\"widget\" data-e-type=\"widget\" data-widget_type=\"heading.default\">\n\t\t\t\t\t<h1 class=\"elementor-heading-title elementor-size-default\">Not\u00edcies<\/h1>\t\t\t\t<\/div>\n\t\t\t\t<div class=\"elementor-element elementor-element-283375d elementor-widget elementor-widget-jet-listing-grid\" data-id=\"283375d\" data-element_type=\"widget\" data-e-type=\"widget\" data-settings=\"{&quot;columns&quot;:&quot;1&quot;}\" data-widget_type=\"jet-listing-grid.default\">\n\t\t\t\t\t<div class=\"jet-listing-grid jet-listing\"><div class=\"jet-listing-grid__items grid-col-desk-1 grid-col-tablet-1 grid-col-mobile-1 jet-listing-grid--1129\" data-queried-id=\"4153|WP_Post\" data-nav=\"{&quot;enabled&quot;:false,&quot;type&quot;:null,&quot;more_el&quot;:null,&quot;query&quot;:[],&quot;widget_settings&quot;:{&quot;lisitng_id&quot;:1129,&quot;posts_num&quot;:1,&quot;columns&quot;:1,&quot;columns_tablet&quot;:1,&quot;columns_mobile&quot;:1,&quot;column_min_width&quot;:240,&quot;column_min_width_tablet&quot;:240,&quot;column_min_width_mobile&quot;:240,&quot;inline_columns_css&quot;:false,&quot;is_archive_template&quot;:&quot;&quot;,&quot;post_status&quot;:[&quot;publish&quot;],&quot;use_random_posts_num&quot;:&quot;&quot;,&quot;max_posts_num&quot;:9,&quot;not_found_message&quot;:&quot;No data was found&quot;,&quot;is_masonry&quot;:false,&quot;equal_columns_height&quot;:&quot;&quot;,&quot;use_load_more&quot;:&quot;&quot;,&quot;load_more_id&quot;:&quot;&quot;,&quot;load_more_type&quot;:&quot;click&quot;,&quot;load_more_offset&quot;:{&quot;unit&quot;:&quot;px&quot;,&quot;size&quot;:0,&quot;sizes&quot;:[]},&quot;use_custom_post_types&quot;:&quot;&quot;,&quot;custom_post_types&quot;:[],&quot;hide_widget_if&quot;:&quot;&quot;,&quot;carousel_enabled&quot;:&quot;&quot;,&quot;slides_to_scroll&quot;:&quot;1&quot;,&quot;arrows&quot;:&quot;true&quot;,&quot;arrow_icon&quot;:&quot;fa fa-angle-left&quot;,&quot;dots&quot;:&quot;&quot;,&quot;autoplay&quot;:&quot;true&quot;,&quot;pause_on_hover&quot;:&quot;true&quot;,&quot;autoplay_speed&quot;:5000,&quot;infinite&quot;:&quot;true&quot;,&quot;center_mode&quot;:&quot;&quot;,&quot;effect&quot;:&quot;slide&quot;,&quot;speed&quot;:500,&quot;inject_alternative_items&quot;:&quot;&quot;,&quot;injection_items&quot;:[],&quot;scroll_slider_enabled&quot;:&quot;&quot;,&quot;scroll_slider_on&quot;:[&quot;desktop&quot;,&quot;tablet&quot;,&quot;mobile&quot;],&quot;custom_query&quot;:false,&quot;custom_query_id&quot;:&quot;&quot;,&quot;_element_id&quot;:&quot;&quot;,&quot;collapse_first_last_gap&quot;:false,&quot;list_tag_selection&quot;:&quot;&quot;,&quot;list_items_wrapper_tag&quot;:&quot;div&quot;,&quot;list_item_tag&quot;:&quot;div&quot;,&quot;empty_items_wrapper_tag&quot;:&quot;div&quot;}}\" data-page=\"1\" data-pages=\"1\" data-listing-source=\"query\" data-listing-id=\"1129\" data-query-id=\"1\"><div class=\"jet-listing-grid__item jet-listing-dynamic-post-4157\" data-post-id=\"4157\"  ><style type=\"text\/css\">.jet-listing-dynamic-post-4157 .elementor-element.elementor-element-1e8c6ee:not(.elementor-motion-effects-element-type-background), .jet-listing-dynamic-post-4157 .elementor-element.elementor-element-1e8c6ee > .elementor-motion-effects-container > .elementor-motion-effects-layer{background-image:url(\"https:\/\/reportia.es\/wp-content\/uploads\/2025\/01\/bienvenida-reportia_generica.jpg\");}@media(max-width:1400px){.jet-listing-dynamic-post-4157 .elementor-element.elementor-element-1e8c6ee:not(.elementor-motion-effects-element-type-background), .jet-listing-dynamic-post-4157 .elementor-element.elementor-element-1e8c6ee > .elementor-motion-effects-container > .elementor-motion-effects-layer{background-image:url(\"https:\/\/reportia.es\/wp-content\/uploads\/2025\/01\/bienvenida-reportia_generica.jpg\");}}@media(max-width:1024px){.jet-listing-dynamic-post-4157 .elementor-element.elementor-element-1e8c6ee:not(.elementor-motion-effects-element-type-background), .jet-listing-dynamic-post-4157 .elementor-element.elementor-element-1e8c6ee > .elementor-motion-effects-container > .elementor-motion-effects-layer{background-image:url(\"https:\/\/reportia.es\/wp-content\/uploads\/2025\/01\/bienvenida-reportia_generica.jpg\");}}@media(max-width:767px){.jet-listing-dynamic-post-4157 .elementor-element.elementor-element-1e8c6ee:not(.elementor-motion-effects-element-type-background), .jet-listing-dynamic-post-4157 .elementor-element.elementor-element-1e8c6ee > .elementor-motion-effects-container > .elementor-motion-effects-layer{background-image:url(\"https:\/\/reportia.es\/wp-content\/uploads\/2025\/01\/bienvenida-reportia_generica.jpg\");}}<\/style>\t\t<div data-elementor-type=\"jet-listing-items\" data-elementor-id=\"4168\" class=\"elementor elementor-4168 elementor-1129 elementor-1129\" data-elementor-post-type=\"jet-engine\">\n\t\t\t\t<div class=\"elementor-element elementor-element-9714643 e-flex e-con-boxed e-con e-parent\" data-id=\"9714643\" data-element_type=\"container\" data-e-type=\"container\" data-settings=\"{&quot;jet_parallax_layout_list&quot;:[]}\">\n\t\t\t\t\t<div class=\"e-con-inner\">\n\t\t<div data-dce-background-image-url=\"https:\/\/reportia.es\/wp-content\/uploads\/2025\/01\/bienvenida-reportia_generica.jpg\" class=\"elementor-element elementor-element-1e8c6ee e-con-full e-flex e-con e-child\" data-id=\"1e8c6ee\" data-element_type=\"container\" data-e-type=\"container\" data-settings=\"{&quot;jet_parallax_layout_list&quot;:[],&quot;background_background&quot;:&quot;classic&quot;}\">\n\t\t\t\t<\/div>\n\t\t<div class=\"elementor-element elementor-element-261b315 e-con-full e-flex e-con e-child\" data-id=\"261b315\" data-element_type=\"container\" data-e-type=\"container\" data-settings=\"{&quot;background_background&quot;:&quot;classic&quot;,&quot;jet_parallax_layout_list&quot;:[]}\">\n\t\t\t\t<div data-dce-title-color=\"#FFFFFF\" class=\"elementor-element elementor-element-3c558c0 elementor-widget__width-auto elementor-widget elementor-widget-heading\" data-id=\"3c558c0\" data-element_type=\"widget\" data-e-type=\"widget\" data-widget_type=\"heading.default\">\n\t\t\t\t\t<h2 class=\"elementor-heading-title elementor-size-default\">Benvinguts a Reportia<\/h2>\t\t\t\t<\/div>\n\t\t\t\t<div class=\"elementor-element elementor-element-6294aef elementor-widget__width-inherit elementor-widget elementor-widget-heading\" data-id=\"6294aef\" data-element_type=\"widget\" data-e-type=\"widget\" data-widget_type=\"heading.default\">\n\t\t\t\t\t<p class=\"elementor-heading-title elementor-size-default\">10 de gener de 2025<\/p>\t\t\t\t<\/div>\n\t\t\t\t<div data-dce-title-color=\"#FFFFFF\" class=\"elementor-element elementor-element-ce22292 elementor-widget__width-inherit elementor-widget elementor-widget-heading\" data-id=\"ce22292\" data-element_type=\"widget\" data-e-type=\"widget\" data-widget_type=\"heading.default\">\n\t\t\t\t\t<p class=\"elementor-heading-title elementor-size-default\">Hi ha projectes que no neixen de la urg\u00e8ncia, sin\u00f3 de la convicci\u00f3 que all\u00f2 normatiu pot ser oport\u00fa, i all\u00f2 complex, transformador. Reportia, la nostra consultora ESG, \u00e9s un d\u2019aquests projectes. <\/p>\t\t\t\t<\/div>\n\t\t\t\t<div data-dce-background-color=\"#02010100\" class=\"elementor-element elementor-element-e7f0c09 elementor-align-justify elementor-widget__width-initial elementor-widget elementor-widget-button\" data-id=\"e7f0c09\" data-element_type=\"widget\" data-e-type=\"widget\" data-widget_type=\"button.default\">\n\t\t\t\t\t\t\t\t\t\t<a class=\"elementor-button elementor-button-link elementor-size-sm\" href=\"https:\/\/reportia.es\/ca\/benvingut-a-reportia\/\">\n\t\t\t\t\t\t<span class=\"elementor-button-content-wrapper\">\n\t\t\t\t\t\t<span class=\"elementor-button-icon\">\n\t\t\t\t<svg xmlns=\"http:\/\/www.w3.org\/2000\/svg\" width=\"11\" height=\"11\" viewBox=\"0 0 11 11\" fill=\"none\"><path d=\"M4.75999 1.54399L5.90799 0.675995C6.35599 1.41333 6.79466 2.06199 7.22399 2.62199C7.66266 3.17266 8.11066 3.66733 8.56799 4.10599C9.02532 4.54466 9.51532 4.95533 10.038 5.338V5.422C9.51532 5.79533 9.02532 6.20133 8.56799 6.63999C8.11066 7.07866 7.66266 7.57799 7.22399 8.13799C6.79466 8.68866 6.35599 9.33733 5.90799 10.084L4.75999 9.20199C5.14266 8.61399 5.53466 8.08666 5.93599 7.62C6.33732 7.15333 6.73866 6.75199 7.13999 6.41599C7.54132 6.07066 7.93332 5.79533 8.31599 5.58999C8.69866 5.37533 9.06266 5.226 9.40799 5.142V5.618C9.06266 5.534 8.69866 5.38466 8.31599 5.17C7.93332 4.95533 7.54132 4.67999 7.13999 4.34399C6.73866 3.99866 6.33732 3.59733 5.93599 3.13999C5.53466 2.67333 5.14266 2.14133 4.75999 1.54399ZM0.713989 4.624H5.17999C5.81466 4.624 6.38866 4.64733 6.90199 4.69399C7.42466 4.74066 7.89599 4.80133 8.31599 4.87599L9.25399 5.38L8.31599 5.884C7.89599 5.94933 7.42466 6.00533 6.90199 6.052C6.38866 6.09866 5.81466 6.12199 5.17999 6.12199H0.713989V4.624Z\" fill=\"#27D18D\"><\/path><\/svg>\t\t\t<\/span>\n\t\t\t\t\t\t\t\t\t<span class=\"elementor-button-text\">Seguir llegint<\/span>\n\t\t\t\t\t<\/span>\n\t\t\t\t\t<\/a>\n\t\t\t\t\t\t\t\t<\/div>\n\t\t\t\t<\/div>\n\t\t\t\t\t<\/div>\n\t\t\t\t<\/div>\n\t\t\t\t<\/div>\n\t\t<\/div><\/div><\/div>\t\t\t\t<\/div>\n\t\t\t\t\t<\/div>\n\t\t\t\t<\/div>\n\t\t<div class=\"elementor-element elementor-element-82cd387 e-flex e-con-boxed elementor-invisible e-con e-parent\" data-id=\"82cd387\" data-element_type=\"container\" data-e-type=\"container\" data-settings=\"{&quot;jet_parallax_layout_list&quot;:[],&quot;animation&quot;:&quot;fadeIn&quot;}\">\n\t\t\t\t\t<div class=\"e-con-inner\">\n\t\t\t\t<div class=\"elementor-element elementor-element-0ad2274 elementor-widget__width-auto elementor-widget elementor-widget-heading\" data-id=\"0ad2274\" data-element_type=\"widget\" data-e-type=\"widget\" data-widget_type=\"heading.default\">\n\t\t\t\t\t<h2 class=\"elementor-heading-title elementor-size-default\">Darrers articles<\/h2>\t\t\t\t<\/div>\n\t\t\t\t<div class=\"elementor-element elementor-element-515fd24 elementor-widget elementor-widget-jet-listing-grid\" data-id=\"515fd24\" data-element_type=\"widget\" data-e-type=\"widget\" data-settings=\"{&quot;columns&quot;:&quot;3&quot;,&quot;columns_mobile&quot;:&quot;1&quot;}\" data-widget_type=\"jet-listing-grid.default\">\n\t\t\t\t\t<div class=\"jet-listing-grid jet-listing-grid--lazy-load jet-listing jet-listing-grid-loading\" data-lazy-load=\"{&quot;offset&quot;:&quot;0px&quot;,&quot;post_id&quot;:4153,&quot;queried_id&quot;:&quot;4153|WP_Post&quot;}\"><div class=\"jet-listing-grid__loader\"><div class=\"jet-listing-grid__loader-spinner\"><\/div><\/div><\/div>\t\t\t\t<\/div>\n\t\t\t\t\t<\/div>\n\t\t\t\t<\/div>\n\t\t<div class=\"elementor-element elementor-element-ff61d2c e-con-full e-flex e-con e-parent\" data-id=\"ff61d2c\" data-element_type=\"container\" data-e-type=\"container\" data-settings=\"{&quot;jet_parallax_layout_list&quot;:[],&quot;enabled_visibility&quot;:&quot;no&quot;}\">\n\t\t\t\t<div class=\"elementor-element elementor-element-6a89756 elementor-widget elementor-widget-template\" data-id=\"6a89756\" data-element_type=\"widget\" data-e-type=\"widget\" data-widget_type=\"template.default\">\n\t\t\t\t<div class=\"elementor-widget-container\">\n\t\t\t\t\t\t\t<div class=\"elementor-template\">\n\t\t\t\t\t<div data-elementor-type=\"section\" data-elementor-id=\"4113\" class=\"elementor elementor-4113 elementor-2847 elementor-2847\" data-elementor-post-type=\"elementor_library\">\n\t\t\t<div class=\"elementor-element elementor-element-674b932 e-flex e-con-boxed e-con e-parent\" data-id=\"674b932\" data-element_type=\"container\" data-e-type=\"container\" data-settings=\"{&quot;background_background&quot;:&quot;classic&quot;,&quot;jet_parallax_layout_list&quot;:[]}\">\n\t\t\t\t\t<div class=\"e-con-inner\">\n\t\t<div class=\"elementor-element elementor-element-8bfaf15 e-con-full e-flex e-con e-child\" data-id=\"8bfaf15\" data-element_type=\"container\" data-e-type=\"container\" data-settings=\"{&quot;jet_parallax_layout_list&quot;:[]}\">\n\t\t\t\t<div data-dce-title-color=\"#FFFFFF\" class=\"elementor-element elementor-element-ba51c8a elementor-widget__width-initial elementor-widget elementor-widget-heading\" data-id=\"ba51c8a\" data-element_type=\"widget\" data-e-type=\"widget\" data-widget_type=\"heading.default\">\n\t\t\t\t\t<p class=\"elementor-heading-title elementor-size-default\">CONSULTA EXPRESS<\/p>\t\t\t\t<\/div>\n\t\t\t\t<div data-dce-title-color=\"#FFFFFF\" class=\"elementor-element elementor-element-338fc40 elementor-widget__width-initial elementor-widget elementor-widget-heading\" data-id=\"338fc40\" data-element_type=\"widget\" data-e-type=\"widget\" data-widget_type=\"heading.default\">\n\t\t\t\t\t<h2 class=\"elementor-heading-title elementor-size-default\">Necessites respostes?<\/h2>\t\t\t\t<\/div>\n\t\t\t\t<div data-dce-title-color=\"#FFFFFF\" class=\"elementor-element elementor-element-76731bf elementor-widget__width-inherit elementor-widget elementor-widget-heading\" data-id=\"76731bf\" data-element_type=\"widget\" data-e-type=\"widget\" data-widget_type=\"heading.default\">\n\t\t\t\t\t<p class=\"elementor-heading-title elementor-size-default\">Com puc comen\u00e7ar a implementar la sostenibilitat a la meva pime?<br>Estic obligat a preparar la declaraci\u00f3 d'informaci\u00f3 no financera (EINF)?<br>Quines altres obligacions legals m'apliquen? <\/p>\t\t\t\t<\/div>\n\t\t\t\t<\/div>\n\t\t<div class=\"elementor-element elementor-element-30dceee e-con-full e-flex e-con e-child\" data-id=\"30dceee\" data-element_type=\"container\" data-e-type=\"container\" data-settings=\"{&quot;jet_parallax_layout_list&quot;:[]}\">\n\t\t\t\t<div class=\"elementor-element elementor-element-7469186 elementor-widget__width-initial elementor-widget elementor-widget-heading\" data-id=\"7469186\" data-element_type=\"widget\" data-e-type=\"widget\" data-widget_type=\"heading.default\">\n\t\t\t\t\t<p class=\"elementor-heading-title elementor-size-default\">Oferim assessorament i solucions immediates, oferint respostes r\u00e0pides mitjan\u00e7ant m\u00f2bil, correu electr\u00f2nic o videotrucada amb els nostres experts. Atenci\u00f3 personalitzada sense temps d'espera, des de qualsevol part del m\u00f3n.\n<\/p>\t\t\t\t<\/div>\n\t\t<div class=\"elementor-element elementor-element-4dbdd81 e-con-full e-flex e-con e-child\" data-id=\"4dbdd81\" data-element_type=\"container\" data-e-type=\"container\" data-settings=\"{&quot;jet_parallax_layout_list&quot;:[]}\">\n\t\t<!-- dce invisible element 549e46d -->\t\t<div class=\"elementor-element elementor-element-98de5f0 elementor-widget__width-initial elementor-widget-laptop__width-inherit elementor-widget elementor-widget-jet-button\" data-id=\"98de5f0\" data-element_type=\"widget\" data-e-type=\"widget\" data-widget_type=\"jet-button.default\">\n\t\t\t\t<div class=\"elementor-widget-container\">\n\t\t\t\t\t<div class=\"elementor-jet-button jet-elements\"><div class=\"jet-button__container\">\n\t<a class=\"jet-button__instance jet-button__instance--icon-left hover-effect-1\" href=\"#elementor-action%3Aaction%3Dpopup%3Aopen%26settings%3DeyJpZCI6NDM0OSwidG9nZ2xlIjpmYWxzZX0%3D\">\n\t\t<div class=\"jet-button__plane jet-button__plane-normal\"><\/div>\n\t\t<div class=\"jet-button__plane jet-button__plane-hover\"><\/div>\n\t\t<div class=\"jet-button__state jet-button__state-normal\">\n\t\t\t<span class=\"jet-button__icon jet-elements-icon\"><svg xmlns=\"http:\/\/www.w3.org\/2000\/svg\" id=\"Layer_1\" viewBox=\"0 0 12 21\"><g id=\"Layer_11\"><path d=\"M10,21H2c-1.1,0-2-.9-2-2V2C0,.9.9,0,2,0h8c1.1,0,2,.9,2,2v17c0,1.1-.9,2-2,2ZM2,1c-.6,0-1,.4-1,1v17c0,.6.4,1,1,1h8c.6,0,1-.4,1-1V2c0-.6-.4-1-1-1H2Z\"><\/path><circle cx=\"6\" cy=\"18\" r=\"1\"><\/circle><\/g><\/svg><\/span><span class=\"jet-button__label\">Et tornem la trucada<\/span>\t\t<\/div>\n\t\t<div class=\"jet-button__state jet-button__state-hover\">\n\t\t\t<span class=\"jet-button__icon jet-elements-icon\"><svg xmlns=\"http:\/\/www.w3.org\/2000\/svg\" id=\"Layer_1\" viewBox=\"0 0 12 21\"><g id=\"Layer_11\"><path d=\"M10,21H2c-1.1,0-2-.9-2-2V2C0,.9.9,0,2,0h8c1.1,0,2,.9,2,2v17c0,1.1-.9,2-2,2ZM2,1c-.6,0-1,.4-1,1v17c0,.6.4,1,1,1h8c.6,0,1-.4,1-1V2c0-.6-.4-1-1-1H2Z\"><\/path><circle cx=\"6\" cy=\"18\" r=\"1\"><\/circle><\/g><\/svg><\/span><span class=\"jet-button__label\">Et tornem la trucada<\/span>\t\t<\/div>\n\t<\/a>\n<\/div>\n<\/div>\t\t\t\t<\/div>\n\t\t\t\t<\/div>\n\t\t\t\t<\/div>\n\t\t\t\t<\/div>\n\t\t\t\t\t<\/div>\n\t\t\t\t<\/div>\n\t\t\t\t<\/div>\n\t\t\t\t<\/div>\n\t\t\t\t\t\t<\/div>\n\t\t\t\t<\/div>\n\t\t\t\t<\/div>\n\t\t\t\t<\/div>\n\t\t","protected":false},"excerpt":{"rendered":"<p>Not\u00edcies Seguir leyendo Darrers articles<\/p>\n","protected":false},"author":1,"featured_media":0,"parent":0,"menu_order":0,"comment_status":"closed","ping_status":"closed","template":"","meta":{"footnotes":""},"class_list":["post-4153","page","type-page","status-publish","hentry"],"_links":{"self":[{"href":"https:\/\/reportia.es\/ca\/wp-json\/wp\/v2\/pages\/4153","targetHints":{"allow":["GET"]}}],"collection":[{"href":"https:\/\/reportia.es\/ca\/wp-json\/wp\/v2\/pages"}],"about":[{"href":"https:\/\/reportia.es\/ca\/wp-json\/wp\/v2\/types\/page"}],"author":[{"embeddable":true,"href":"https:\/\/reportia.es\/ca\/wp-json\/wp\/v2\/users\/1"}],"replies":[{"embeddable":true,"href":"https:\/\/reportia.es\/ca\/wp-json\/wp\/v2\/comments?post=4153"}],"version-history":[{"count":0,"href":"https:\/\/reportia.es\/ca\/wp-json\/wp\/v2\/pages\/4153\/revisions"}],"wp:attachment":[{"href":"https:\/\/reportia.es\/ca\/wp-json\/wp\/v2\/media?parent=4153"}],"curies":[{"name":"wp","href":"https:\/\/api.w.org\/{rel}","templated":true}]}}